{"id":113,"date":"2018-06-14T14:27:50","date_gmt":"2018-06-14T12:27:50","guid":{"rendered":"http:\/\/d-dp.com\/?page_id=113"},"modified":"2025-05-28T11:24:09","modified_gmt":"2025-05-28T09:24:09","slug":"mentions-legales","status":"publish","type":"page","link":"https:\/\/d-dp.com\/index.php\/mentions-legales\/","title":{"rendered":"Mentions L\u00e9gales"},"content":{"rendered":"<p style=\"text-align: left;\"><strong>DIGITAL DATA PERFORMANCE<\/strong><\/p>\n<p style=\"text-align: left;\">SAS au capital de 4 900 \u20ac<br \/>\nRCS Nanterre 839 716 305 00025<br \/>\nCode APE 6202A<br \/>\nN\u00b0 TVA : FR 488 397 16 305<br \/>\nSi\u00e8ge social : 43\/45 rue de Naples &#8211; 75008 Paris &#8211; France<\/p>\n<p style=\"text-align: center;\"><span style=\"color: #ff9900;\"><strong>_______________________________________________________<\/strong><\/span><\/p>\n<p>Merci de lire avec attention les modalit\u00e9s d\u2019utilisation du pr\u00e9sent site avant de parcourir ses pages. En vous connectant sur ce site, vous acceptez sans r\u00e9serve les pr\u00e9sentes modalit\u00e9s. Aussi, conform\u00e9ment \u00e0 l\u2019article n\u00b06 de la Loi n\u00b02004-575 du 21 Juin 2004 pour la confiance dans l\u2019\u00e9conomie num\u00e9rique, les responsables du pr\u00e9sent site internet http:\/\/www.d-dp.com\/\u00a0sont :<\/p>\n<p><strong>Editeur du Site<\/strong><\/p>\n<p>DIGITAL DATA PERFORMANCE<\/p>\n<p>Directeur de la publication\u00a0: Denis Jouanguy<br \/>\nEmail : denis.jouanguy@d-dp.com<br \/>\nSite Web :\u00a0http:\/\/www.d-dp.com\/<\/p>\n<p><strong>Conception et D\u00e9veloppement<\/strong><\/p>\n<p>DIGITAL DATA PERFORMANCE<br \/>\n<a href=\"http:\/\/www..d-dp.com\/\">wwww.d-dp.com<\/a><br \/>\n<a href=\"mailto:contact@d-dp.com\">contact@d-dp.com<\/a><\/p>\n<p><strong>H\u00e9bergement<\/strong><\/p>\n<p>OVH<br \/>\n2 rue Kellermann &#8211; 59100 Roubaix &#8211; France<br \/>\n<a href=\"https:\/\/www.ovh.com\">www.ovh.com<\/a><\/p>\n<p style=\"text-align: center;\"><span style=\"color: #ff9900;\"><strong>_______________________________________________________<\/strong><\/span><\/p>\n<p><strong>Conditions d\u2019utilisation<\/strong><\/p>\n<p>Le site et chacun des \u00e9l\u00e9ments, y compris mais sans limitation les marques, les logos, ic\u00f4nes, infographies, photographies, qui le composent sont prot\u00e9g\u00e9s au titre de la l\u00e9gislation internationale de la propri\u00e9t\u00e9 intellectuelle. Les contenus figurant sur le site sont la propri\u00e9t\u00e9 de DIGITAL DATA PERFORMANCE ou d\u2019autres entreprises. Toute utilisation, reproduction ou repr\u00e9sentation, par quelque proc\u00e9d\u00e9 que ce soit, et sur quelque support que ce soit, de tout ou partie du site et\/ou des \u00e9l\u00e9ments qui le composent n&rsquo;est pas autoris\u00e9e sans le consentement express de DIGITAL DATA PERFORMANCE.<\/p>\n<p><strong>Politique d&rsquo;utilisation des Cookies<\/strong><\/p>\n<p>Le site <a href=\"http:\/\/www.d-dp.com\">http:\/\/www.d-dp.com<\/a> peut \u00eatre amen\u00e9 \u00e0 vous demander l\u2019acceptation des cookies pour des besoins de statistiques et d\u2019affichage. Un cookie est une information d\u00e9pos\u00e9e sur votre disque dur par le serveur du site que vous visitez. Il contient plusieurs donn\u00e9es qui sont stock\u00e9es sur votre ordinateur dans un simple fichier texte auquel un serveur acc\u00e8de pour lire et enregistrer des informations. Certaines parties de ce site ne peuvent \u00eatre fonctionnelles sans l\u2019acceptation de cookies.<\/p>\n<p><strong>Propri\u00e9t\u00e9 intellectuelle<\/strong><\/p>\n<p>Tout le contenu du pr\u00e9sent sur le site<a href=\"http:\/\/www.d-dp.com\"> http:\/\/www.<\/a><a href=\"http:\/\/www.d-dp.com\">d-dp.com<\/a>, incluant, de fa\u00e7on non limitative, les graphismes, images, textes, vid\u00e9os, animations, sons, logos, gifs et ic\u00f4nes ainsi que leur mise en forme sont la propri\u00e9t\u00e9 exclusive de la soci\u00e9t\u00e9 de DIGITAL DATA PERFORMANCE \u00e0 l\u2019exception des marques, logos ou contenus appartenant \u00e0 d\u2019autres soci\u00e9t\u00e9s partenaires ou auteurs. Toute reproduction, distribution, modification, adaptation, retransmission ou publication, m\u00eame partielle, de ces diff\u00e9rents \u00e9l\u00e9ments est strictement interdite sans l\u2019accord expr\u00e8s par \u00e9crit de DIGITAL DATA PERFORMANCE. Cette repr\u00e9sentation ou reproduction, par quelque proc\u00e9d\u00e9 que ce soit, constitue une contrefa\u00e7on sanctionn\u00e9e par les articles L.335-2 et suivants du Code de la propri\u00e9t\u00e9 intellectuelle. Le non-respect de cette interdiction constitue une contrefa\u00e7on pouvant engager la responsabilit\u00e9 civile et p\u00e9nale du contrefacteur. En outre, les propri\u00e9taires des contenus copi\u00e9s pourraient intenter une action en justice \u00e0 votre encontre.<\/p>\n<p><strong>Donn\u00e9es personnelles<\/strong><\/p>\n<p>D&rsquo;une fa\u00e7on g\u00e9n\u00e9rale, vous pouvez visiter notre site sur Internet sans avoir \u00e0 d\u00e9cliner votre identit\u00e9 et \u00e0 fournir des informations personnelles vous concernant. Cependant, nous pouvons parfois vous demander des informations, par exemple, \u00e9tablir une correspondance\u00a0ou soumettre une candidature \u00e0 un poste. Nous pouvons compl\u00e9ter ces informations pour conclure une transaction ou offrir un meilleur service.<\/p>\n<p><strong>\u00a0<\/strong><strong>Signalement d&rsquo;abus et de contenus illicites<\/strong><\/p>\n<p>Conform\u00e9ment \u00e0 la loi Informatique et Libert\u00e9s, vous disposez d\u2019un droit d\u2019acc\u00e8s, de modification, de rectification et de suppression des donn\u00e9es vous concernant. Vous pouvez exercer ce droit par courrier \u00e0 l\u2019adresse suivante : DIGITAL DATA PERFORMANCE, 43\/45 rue de Naples, 75008 Paris, France ou par mail \u00e0 contact@d-dp.com. DIGITAL DATA PERFORMANCE se r\u00e9serve la possibilit\u00e9 de transmettre les informations et donn\u00e9es communiqu\u00e9es \u00e0 ses clients pour garantir le bon traitement de votre signalement.<\/p>\n","protected":false},"excerpt":{"rendered":"<p>DIGITAL DATA PERFORMANCE SAS au capital de 4 900 \u20ac RCS Nanterre 839 716 305 00025 Code APE 6202A N\u00b0 TVA : FR 488 397 16 305 Si\u00e8ge social : 43\/45 rue de Naples &#8211; 75008 Paris &#8211; France _______________________________________________________ Merci de lire avec attention les modalit\u00e9s d\u2019utilisation du pr\u00e9sent site avant de parcourir ses [&hellip;]<\/p>\n","protected":false},"author":1,"featured_media":0,"parent":0,"menu_order":7,"comment_status":"closed","ping_status":"closed","template":"","meta":{"footnotes":""},"class_list":["post-113","page","type-page","status-publish","hentry","post"],"_links":{"self":[{"href":"https:\/\/d-dp.com\/index.php\/wp-json\/wp\/v2\/pages\/113","targetHints":{"allow":["GET"]}}],"collection":[{"href":"https:\/\/d-dp.com\/index.php\/wp-json\/wp\/v2\/pages"}],"about":[{"href":"https:\/\/d-dp.com\/index.php\/wp-json\/wp\/v2\/types\/page"}],"author":[{"embeddable":true,"href":"https:\/\/d-dp.com\/index.php\/wp-json\/wp\/v2\/users\/1"}],"replies":[{"embeddable":true,"href":"https:\/\/d-dp.com\/index.php\/wp-json\/wp\/v2\/comments?post=113"}],"version-history":[{"count":10,"href":"https:\/\/d-dp.com\/index.php\/wp-json\/wp\/v2\/pages\/113\/revisions"}],"predecessor-version":[{"id":2542,"href":"https:\/\/d-dp.com\/index.php\/wp-json\/wp\/v2\/pages\/113\/revisions\/2542"}],"wp:attachment":[{"href":"https:\/\/d-dp.com\/index.php\/wp-json\/wp\/v2\/media?parent=113"}],"curies":[{"name":"wp","href":"https:\/\/api.w.org\/{rel}","templated":true}]}}