{"id":1170,"date":"2023-11-24T17:20:06","date_gmt":"2023-11-24T16:20:06","guid":{"rendered":"https:\/\/d-dp.com\/?page_id=1170"},"modified":"2024-05-28T11:12:21","modified_gmt":"2024-05-28T09:12:21","slug":"ingenieurs-developpement-full-stack","status":"publish","type":"page","link":"https:\/\/d-dp.com\/index.php\/ingenieurs-developpement-full-stack\/","title":{"rendered":"Ing\u00e9nieurs D\u00e9veloppement Full Stack (H\/F)"},"content":{"rendered":"\n<div class=\"wp-block-buttons is-layout-flex wp-block-buttons-is-layout-flex\">\n<div class=\"wp-block-button is-style-outline is-style-outline--1\"><a class=\"wp-block-button__link wp-element-button\" href=\"https:\/\/d-dp.com\/index.php\/nosmetiers\/\">\u2190Revenir \u00e0 Nos M\u00e9tier<\/a><\/div>\n<\/div>\n\n\n\n<p><\/p>\n\n\n\n<h3 class=\"wp-block-heading\">Descriptif du poste<\/h3>\n\n\n\n<p><\/p>\n\n\n\n<p>Vous \u00eates \u00e0 l\u2019\u00e9coute, vous avez le sens du service, vous \u00eates rigoureux, vous souhaitez vous lancer dans de nouveaux challenges en mettant \u00e0 disposition vos comp\u00e9tences et votre sens relationnel.<\/p>\n\n\n\n<p>Afin de renforcer notre p\u00f4le d\u00e9veloppement, nous recherchons des <strong>INGENIEURS DEVELOPPEMENT FULL STACK<\/strong>&nbsp;\u00e0 Lyon et Clermont-Ferrand.<\/p>\n\n\n\n<p>Vos missions&nbsp;:&nbsp; Analyse, d\u00e9veloppement, prise en charge des \u00e9tudes et pilotage ensuite de la r\u00e9alisation de projets.<\/p>\n\n\n\n<p><\/p>\n\n\n\n<h3 class=\"wp-block-heading\">Description du profil<\/h3>\n\n\n\n<p>De formation sup\u00e9rieure, vous avez au minimum 2 ann\u00e9es d\u2019exp\u00e9rience dans l\u2019analyse et le d\u00e9veloppement. <\/p>\n\n\n\n<p>Vous poss\u00e9dez de bonnes comp\u00e9tences fonctionnelles et techniques ainsi qu\u2019une aptitude \u00e0 investiguer du code et des probl\u00e9matiques complexes dans des environnements JAVA.<\/p>\n\n\n\n<p>Vous avez de l&rsquo;exp\u00e9rience avec les technologies d&rsquo;applications Web (serveurs http, bases de donn\u00e9es, javascript\/typescript, React, etc.), Back et Front End.<\/p>\n\n\n\n<p><\/p>\n\n\n\n<h3 class=\"wp-block-heading\"><\/h3>\n\n\n\n<h3 class=\"wp-block-heading\">Postuler<\/h3>\n\n\n\n<div style=\"height:14px\" aria-hidden=\"true\" class=\"wp-block-spacer\"><\/div>\n\n\n\n<p>Pour postuler, merci de nous contacter, cv \u00e0 l&rsquo;appui, \u00e0 l&rsquo;adresse mail <a href=\"mailto:recrute@d-dp.com\">recrute@d-dp.com<\/a><\/p>\n\n\n\n<p><\/p>\n","protected":false},"excerpt":{"rendered":"<p>Descriptif du poste Vous \u00eates \u00e0 l\u2019\u00e9coute, vous avez le sens du service, vous \u00eates rigoureux, vous souhaitez vous lancer dans de nouveaux challenges en mettant \u00e0 disposition vos comp\u00e9tences et votre sens relationnel. Afin de renforcer notre p\u00f4le d\u00e9veloppement, nous recherchons des INGENIEURS DEVELOPPEMENT FULL STACK&nbsp;\u00e0 Lyon et Clermont-Ferrand. Vos missions&nbsp;:&nbsp; Analyse, d\u00e9veloppement, prise [&hellip;]<\/p>\n","protected":false},"author":1,"featured_media":0,"parent":0,"menu_order":0,"comment_status":"closed","ping_status":"closed","template":"","meta":{"footnotes":""},"class_list":["post-1170","page","type-page","status-publish","hentry","post"],"_links":{"self":[{"href":"https:\/\/d-dp.com\/index.php\/wp-json\/wp\/v2\/pages\/1170","targetHints":{"allow":["GET"]}}],"collection":[{"href":"https:\/\/d-dp.com\/index.php\/wp-json\/wp\/v2\/pages"}],"about":[{"href":"https:\/\/d-dp.com\/index.php\/wp-json\/wp\/v2\/types\/page"}],"author":[{"embeddable":true,"href":"https:\/\/d-dp.com\/index.php\/wp-json\/wp\/v2\/users\/1"}],"replies":[{"embeddable":true,"href":"https:\/\/d-dp.com\/index.php\/wp-json\/wp\/v2\/comments?post=1170"}],"version-history":[{"count":11,"href":"https:\/\/d-dp.com\/index.php\/wp-json\/wp\/v2\/pages\/1170\/revisions"}],"predecessor-version":[{"id":2500,"href":"https:\/\/d-dp.com\/index.php\/wp-json\/wp\/v2\/pages\/1170\/revisions\/2500"}],"wp:attachment":[{"href":"https:\/\/d-dp.com\/index.php\/wp-json\/wp\/v2\/media?parent=1170"}],"curies":[{"name":"wp","href":"https:\/\/api.w.org\/{rel}","templated":true}]}}