{"id":1192,"date":"2023-11-29T11:59:21","date_gmt":"2023-11-29T10:59:21","guid":{"rendered":"https:\/\/d-dp.com\/?page_id=1192"},"modified":"2024-05-28T11:10:35","modified_gmt":"2024-05-28T09:10:35","slug":"analyste-developpeur-dot-net-h-f","status":"publish","type":"page","link":"https:\/\/d-dp.com\/index.php\/analyste-developpeur-dot-net-h-f\/","title":{"rendered":"Analyste D\u00e9veloppeur Dot Net (H\/F)"},"content":{"rendered":"\n<div class=\"wp-block-buttons is-layout-flex wp-block-buttons-is-layout-flex\">\n<div class=\"wp-block-button is-style-outline is-style-outline--1\"><a class=\"wp-block-button__link wp-element-button\" href=\"https:\/\/d-dp.com\/index.php\/nosmetiers\/\">\u2190Revenir \u00e0 Nos M\u00e9tier<\/a><\/div>\n<\/div>\n\n\n\n<h3 class=\"wp-block-heading\">Descriptif du poste<\/h3>\n\n\n\n<p><\/p>\n\n\n\n<p>Digital Data Performance est un cabinet de conseil, coaching, recrutement, sp\u00e9cialis\u00e9 dans les secteurs des ERP, du Digital, du Web et de l\u2019IT.<\/p>\n\n\n\n<p>Notre cabinet intervient au niveau du territoire national pour l\u2019ensemble de nos clients donneurs d\u2019ordre.<\/p>\n\n\n\n<p>&nbsp;Nous accompagnons nos clients et partenaires dans leurs approches coaching, recrutement afin de les accompagner dans leur croissance et dans leur d\u00e9veloppement.<\/p>\n\n\n\n<p>Vous \u00eates \u00e0 l\u2019\u00e9coute, vous avez le sens du service, vous \u00eates rigoureux, vous souhaitez vous lancer dans de nouveaux challenges en mettant \u00e0 disposition vos comp\u00e9tences et votre sens relationnel&nbsp;:<\/p>\n\n\n\n<p>Nous recherchons&nbsp;des <strong>Analystes D\u00e9veloppeurs &amp; Architectes .NET&nbsp; (ASP. NET VB.NET \u2026) front-end et back-end<\/strong> \u00e0 Lyon et Clermont Ferrand :<\/p>\n\n\n\n<p>Vos missions&nbsp;:&nbsp; Analyse, d\u00e9veloppement, prise en charge des \u00e9tudes et pilotage ensuite de la r\u00e9alisation de projets.<\/p>\n\n\n\n<h3 class=\"wp-block-heading\">Description du profil<\/h3>\n\n\n\n<p><\/p>\n\n\n\n<p>De formation sup\u00e9rieure, vous avez au minimum 2 \u00e0 5 ann\u00e9es d\u2019exp\u00e9rience dans l\u2019analyse et le d\u00e9veloppement.<\/p>\n\n\n\n<p>Vous poss\u00e9dez de bonnes comp\u00e9tences fonctionnelles et techniques ainsi qu\u2019une aptitude \u00e0 investiguer du code et des probl\u00e9matiques complexes dans des environnements Microsoft .Net.<\/p>\n\n\n\n<p>Vous \u00eates rigoureux et autonome, vous poss\u00e9dez des capacit\u00e9s d\u2019analyse, d\u2019adaptabilit\u00e9, et le sens de l\u2019implication.&nbsp;<\/p>\n\n\n\n<p><\/p>\n\n\n\n<h3 class=\"wp-block-heading\">Postuler<\/h3>\n\n\n\n<p><\/p>\n\n\n\n<p>Pour postuler, merci de nous contacter, cv \u00e0 l&rsquo;appui, \u00e0 l&rsquo;adresse mail <a href=\"mailto:recrute@d-dp.com\">recrute@d-dp.com<\/a><\/p>\n\n\n\n<div style=\"height:14px\" aria-hidden=\"true\" class=\"wp-block-spacer\"><\/div>\n","protected":false},"excerpt":{"rendered":"<p>Descriptif du poste Digital Data Performance est un cabinet de conseil, coaching, recrutement, sp\u00e9cialis\u00e9 dans les secteurs des ERP, du Digital, du Web et de l\u2019IT. Notre cabinet intervient au niveau du territoire national pour l\u2019ensemble de nos clients donneurs d\u2019ordre. &nbsp;Nous accompagnons nos clients et partenaires dans leurs approches coaching, recrutement afin de les [&hellip;]<\/p>\n","protected":false},"author":2,"featured_media":0,"parent":0,"menu_order":0,"comment_status":"closed","ping_status":"closed","template":"","meta":{"footnotes":""},"class_list":["post-1192","page","type-page","status-publish","hentry","post"],"_links":{"self":[{"href":"https:\/\/d-dp.com\/index.php\/wp-json\/wp\/v2\/pages\/1192","targetHints":{"allow":["GET"]}}],"collection":[{"href":"https:\/\/d-dp.com\/index.php\/wp-json\/wp\/v2\/pages"}],"about":[{"href":"https:\/\/d-dp.com\/index.php\/wp-json\/wp\/v2\/types\/page"}],"author":[{"embeddable":true,"href":"https:\/\/d-dp.com\/index.php\/wp-json\/wp\/v2\/users\/2"}],"replies":[{"embeddable":true,"href":"https:\/\/d-dp.com\/index.php\/wp-json\/wp\/v2\/comments?post=1192"}],"version-history":[{"count":8,"href":"https:\/\/d-dp.com\/index.php\/wp-json\/wp\/v2\/pages\/1192\/revisions"}],"predecessor-version":[{"id":2496,"href":"https:\/\/d-dp.com\/index.php\/wp-json\/wp\/v2\/pages\/1192\/revisions\/2496"}],"wp:attachment":[{"href":"https:\/\/d-dp.com\/index.php\/wp-json\/wp\/v2\/media?parent=1192"}],"curies":[{"name":"wp","href":"https:\/\/api.w.org\/{rel}","templated":true}]}}