{"id":1199,"date":"2023-11-29T12:10:05","date_gmt":"2023-11-29T11:10:05","guid":{"rendered":"https:\/\/d-dp.com\/?page_id=1199"},"modified":"2024-05-28T11:11:00","modified_gmt":"2024-05-28T09:11:00","slug":"consultant-sap","status":"publish","type":"page","link":"https:\/\/d-dp.com\/index.php\/consultant-sap\/","title":{"rendered":"Consultant SAP (H\/F)"},"content":{"rendered":"\n<div class=\"wp-block-buttons is-layout-flex wp-block-buttons-is-layout-flex\">\n<div class=\"wp-block-button is-style-outline is-style-outline--1\"><a class=\"wp-block-button__link wp-element-button\" href=\"https:\/\/d-dp.com\/index.php\/nosmetiers\/\">\u2190Revenir \u00e0 Nos M\u00e9tier<\/a><\/div>\n<\/div>\n\n\n\n<h3 class=\"wp-block-heading\">Descriptif du poste<\/h3>\n\n\n\n<p><\/p>\n\n\n\n<p>Digital Data Performance est un cabinet de conseil sp\u00e9cialis\u00e9 dans les secteurs de la valorisation de la donn\u00e9e, de l\u2019ERP et de la digitalisation des processus d\u2019entreprise.<\/p>\n\n\n\n<p>Notre cabinet intervient au niveau du territoire national pour l\u2019ensemble de nos clients donneurs d\u2019ordre et nous accompagnons nos clients dans leur croissance et dans leur d\u00e9veloppement.<\/p>\n\n\n\n<p>Vous \u00eates \u00e0 l\u2019\u00e9coute, vous avez le sens du service, vous \u00eates rigoureux, vous souhaitez vous lancer dans de nouveaux challenges en mettant \u00e0 disposition vos comp\u00e9tences et votre sens relationnel&nbsp;:<\/p>\n\n\n\n<p>Nous recherchons des <strong>CONSULTANTS SAP<\/strong> sur Paris, Lyon et Clermont Ferrand dans les domaines :<\/p>\n\n\n\n<p>&#8211; <strong>SAP FI-CO, SD, MM, LE, PM, QM, IS Retail, Fiori<\/strong><\/p>\n\n\n\n<p>Vous accompagnez les clients et\/ou l\u2019\u00e9quipe projet dans le d\u00e9ploiement des solutions <strong>SAP HANA<\/strong>, dans une optique de cr\u00e9ation de valeur et de respect des sp\u00e9cificit\u00e9s de l&rsquo;entreprise tout en \u00e9tant dans l\u2019innovation. Vous interviendrez sur des missions \u00e0 forte valeur ajout\u00e9e sur la mise en \u0153uvre de leurs projets de transformation :<\/p>\n\n\n\n<p>&#8211; Organisation et des processus et pilotage de projets SAP (diagnostic organisation, refonte et optimisation de processus, conduite du changement&#8230;) ;<\/p>\n\n\n\n<p> &#8211; Vous intervenez sur l&rsquo;ensemble des phases d&rsquo;un projet SAP de la conception \u00e0 la r\u00e9alisation. Vous \u00eates capable de d\u00e9velopper de bonne comp\u00e9tence d&rsquo;expertise, d&rsquo;analyse et de leadership. Vous d\u00e9velopperez des expertises m\u00e9tier, sectorielle et technique, en construisant des solutions compl\u00e8tes, innovantes et performantes.<\/p>\n\n\n\n<p><\/p>\n\n\n\n<h3 class=\"wp-block-heading\">Description du profil<\/h3>\n\n\n\n<p><\/p>\n\n\n\n<p>Vous \u00eates issu d&rsquo;une formation BAC + 5 d&rsquo;une grande \u00e9cole de commerce ou d&rsquo;ing\u00e9nieur et vous avez une bonne sensibilit\u00e9 des syst\u00e8mes d&rsquo;information. <\/p>\n\n\n\n<p>&#8211; Vous avez au moins 2 \u00e0 5 ans d&rsquo;exp\u00e9rience en tant que consultant SAP au sein d&rsquo;un cabinet de conseil ou d\u2019un int\u00e9grateur ou d\u2019une entreprise.<\/p>\n\n\n\n<p> &#8211; Vous \u00eates \u00e0 l&rsquo;aise dans les situations complexes et exigeantes. &#8211; Vous avez de bonne capacit\u00e9 d&rsquo;analyse et une rigueur dans le travail et vos pr\u00e9sentations.<\/p>\n\n\n\n<p>La ma\u00eetrise de l\u2019anglais est obligatoire.<\/p>\n\n\n\n<p>Postes bas\u00e9s \u00e0 Paris, Clermont, Lyon.<\/p>\n\n\n\n<p><\/p>\n\n\n\n<h3 class=\"wp-block-heading\">Postuler<\/h3>\n\n\n\n<p><\/p>\n\n\n\n<p>Pour postuler, merci de nous contacter, cv \u00e0 l&rsquo;appui, \u00e0 l&rsquo;adresse mail <a href=\"mailto:recrute@d-dp.com\">recrute@d-dp.com<\/a><\/p>\n","protected":false},"excerpt":{"rendered":"<p>Descriptif du poste Digital Data Performance est un cabinet de conseil sp\u00e9cialis\u00e9 dans les secteurs de la valorisation de la donn\u00e9e, de l\u2019ERP et de la digitalisation des processus d\u2019entreprise. Notre cabinet intervient au niveau du territoire national pour l\u2019ensemble de nos clients donneurs d\u2019ordre et nous accompagnons nos clients dans leur croissance et dans [&hellip;]<\/p>\n","protected":false},"author":2,"featured_media":0,"parent":0,"menu_order":0,"comment_status":"closed","ping_status":"closed","template":"","meta":{"footnotes":""},"class_list":["post-1199","page","type-page","status-publish","hentry","post"],"_links":{"self":[{"href":"https:\/\/d-dp.com\/index.php\/wp-json\/wp\/v2\/pages\/1199","targetHints":{"allow":["GET"]}}],"collection":[{"href":"https:\/\/d-dp.com\/index.php\/wp-json\/wp\/v2\/pages"}],"about":[{"href":"https:\/\/d-dp.com\/index.php\/wp-json\/wp\/v2\/types\/page"}],"author":[{"embeddable":true,"href":"https:\/\/d-dp.com\/index.php\/wp-json\/wp\/v2\/users\/2"}],"replies":[{"embeddable":true,"href":"https:\/\/d-dp.com\/index.php\/wp-json\/wp\/v2\/comments?post=1199"}],"version-history":[{"count":11,"href":"https:\/\/d-dp.com\/index.php\/wp-json\/wp\/v2\/pages\/1199\/revisions"}],"predecessor-version":[{"id":2497,"href":"https:\/\/d-dp.com\/index.php\/wp-json\/wp\/v2\/pages\/1199\/revisions\/2497"}],"wp:attachment":[{"href":"https:\/\/d-dp.com\/index.php\/wp-json\/wp\/v2\/media?parent=1199"}],"curies":[{"name":"wp","href":"https:\/\/api.w.org\/{rel}","templated":true}]}}