{"id":1345,"date":"2023-12-21T14:59:19","date_gmt":"2023-12-21T13:59:19","guid":{"rendered":"https:\/\/d-dp.com\/?page_id=1345"},"modified":"2024-02-29T15:35:14","modified_gmt":"2024-02-29T14:35:14","slug":"longchamp","status":"publish","type":"page","link":"https:\/\/d-dp.com\/index.php\/longchamp\/","title":{"rendered":"Longchamp &#8211; P&#038;L pour la direction g\u00e9n\u00e9rale"},"content":{"rendered":"\n<div class=\"wp-block-buttons is-layout-flex wp-block-buttons-is-layout-flex\">\n<div class=\"wp-block-button\"><a class=\"wp-block-button__link wp-element-button\" href=\"https:\/\/d-dp.com\/index.php\/references\/\">\u2190 Retour \u00e0 la page pr\u00e9c\u00e9dente<\/a><\/div>\n<\/div>\n\n\n<div class=\"wp-block-image\">\n<figure class=\"aligncenter size-full\"><img loading=\"lazy\" decoding=\"async\" width=\"300\" height=\"197\" src=\"https:\/\/d-dp.com\/wp-content\/uploads\/2023\/12\/image-23-300x197-1.png\" alt=\"\" class=\"wp-image-1346\"\/><\/figure>\n<\/div>\n\n\n<h2 class=\"wp-block-heading has-black-color has-text-color has-link-color wp-elements-ed40d930d90a03eda94a6f1d2eb48d8c\">Contexte<\/h2>\n\n\n\n<p>Grande entreprise et marque r\u00e9f\u00e9rence dans la maroquinerie de luxe fran\u00e7aise, Longchamp a \u00e9t\u00e9 fond\u00e9e en 1948 \u00e0 Paris. Le savoir-faire mis en \u0153uvre permet de produire&nbsp;des sacs \u00e0 main, bagages et accessoires Longchamp mondialement connus. De plus, l\u2019offre de la maison s\u2019\u00e9tend maintenant aux collections de pr\u00eat-\u00e0-porter, de souliers et de lunettes.<\/p>\n\n\n\n<p>Suite \u00e0 l\u2019impl\u00e9mentation de l\u2019ERP SAP ECC sur HANA, la DSI Longchamp a souhait\u00e9 utiliser Cognos en tant qu\u2019outil front office BI coupl\u00e9 \u00e0 BW pour mettre en \u0153uvre une partie de son reporting op\u00e9rationnel, Cognos \u00e9tant l\u2019outil BI standard utilis\u00e9 dans le groupe. En plus du reporting SAP BEx, de nouveaux tableaux de bord Cognos ont \u00e9t\u00e9 mis en place pour le contr\u00f4le de gestion.<\/p>\n\n\n\n<h2 class=\"wp-block-heading has-black-color has-text-color has-link-color wp-elements-e96432b7c11f5d0598d9213daa645b9f\">Enjeux du projet<\/h2>\n\n\n\n<p>\u25cfAnalyse &amp; pilotage des nouveaux besoins de reporting financier pour le contr\u00f4le de gestion<\/p>\n\n\n\n<p>\u25cfConception et mise en place d\u2019un nouveau PNL automatis\u00e9 et optimis\u00e9<\/p>\n\n\n\n<p>\u25cfDistribution du PNL et du reporting compl\u00e9mentaire Cognos aux \u00e9quipes concern\u00e9es<\/p>\n\n\n\n<h2 class=\"wp-block-heading has-black-color has-text-color has-link-color wp-elements-7640ddbe4174c411b429ca8ca7e0df8f\">Solution<\/h2>\n\n\n\n<p>\u25cfRecueil du besoin et conception fonctionnelle et technique avant la mise en place de la solution, validation par la direction g\u00e9n\u00e9rale de Longchamp<\/p>\n\n\n\n<p>\u25cfL\u2019architecture suivante a \u00e9t\u00e9 adopt\u00e9e : SAP ECC \u00e0 BW on HANA \u00e0 SAP BEX comme source pour Cognos \u00e0 IBM Cognos pour le reporting op\u00e9rationnel<\/p>\n\n\n\n<h2 class=\"wp-block-heading has-black-color has-text-color has-link-color wp-elements-bd2f5ea684f6554abd4bb51c1646f905\">Organisation<\/h2>\n\n\n\n<p>\u25cf1 CP \/ Expert BW HANA<\/p>\n\n\n\n<p>\u25cfEquipes m\u00e9tier<\/p>\n\n\n\n<p>\u25cfEquipes SAP ECC<\/p>\n\n\n\n<h2 class=\"wp-block-heading has-black-color has-text-color has-link-color wp-elements-e7774466595aeff211f06bf5c8c4898a\">B\u00e9n\u00e9fices<\/h2>\n\n\n\n<p>\u25cfProcessus de collecte et consolidation des donn\u00e9es existant ( donn\u00e9es SAP ECC + fichiers plats \u00e0 BW) maintenu<\/p>\n\n\n\n<p>\u25cfEnrichissement du reporting disponible&nbsp; (Rapports PNL et de comparaison de co\u00fbts par point de vente) et mise \u00e0 la disposition des contr\u00f4leurs de gestion<\/p>\n\n\n\n<p>\u25cfConservation des outils de front existant (Cognos et BEx)<\/p>\n\n\n\n<p>\u25cfDistribution automatique des dashboards en PDF<\/p>\n","protected":false},"excerpt":{"rendered":"<p>Contexte Grande entreprise et marque r\u00e9f\u00e9rence dans la maroquinerie de luxe fran\u00e7aise, Longchamp a \u00e9t\u00e9 fond\u00e9e en 1948 \u00e0 Paris. Le savoir-faire mis en \u0153uvre permet de produire&nbsp;des sacs \u00e0 main, bagages et accessoires Longchamp mondialement connus. De plus, l\u2019offre de la maison s\u2019\u00e9tend maintenant aux collections de pr\u00eat-\u00e0-porter, de souliers et de lunettes. Suite [&hellip;]<\/p>\n","protected":false},"author":2,"featured_media":1346,"parent":0,"menu_order":0,"comment_status":"closed","ping_status":"closed","template":"","meta":{"footnotes":""},"class_list":["post-1345","page","type-page","status-publish","has-post-thumbnail","hentry","post","post-with-thumbnail","post-with-thumbnail-large"],"_links":{"self":[{"href":"https:\/\/d-dp.com\/index.php\/wp-json\/wp\/v2\/pages\/1345","targetHints":{"allow":["GET"]}}],"collection":[{"href":"https:\/\/d-dp.com\/index.php\/wp-json\/wp\/v2\/pages"}],"about":[{"href":"https:\/\/d-dp.com\/index.php\/wp-json\/wp\/v2\/types\/page"}],"author":[{"embeddable":true,"href":"https:\/\/d-dp.com\/index.php\/wp-json\/wp\/v2\/users\/2"}],"replies":[{"embeddable":true,"href":"https:\/\/d-dp.com\/index.php\/wp-json\/wp\/v2\/comments?post=1345"}],"version-history":[{"count":5,"href":"https:\/\/d-dp.com\/index.php\/wp-json\/wp\/v2\/pages\/1345\/revisions"}],"predecessor-version":[{"id":2026,"href":"https:\/\/d-dp.com\/index.php\/wp-json\/wp\/v2\/pages\/1345\/revisions\/2026"}],"wp:featuredmedia":[{"embeddable":true,"href":"https:\/\/d-dp.com\/index.php\/wp-json\/wp\/v2\/media\/1346"}],"wp:attachment":[{"href":"https:\/\/d-dp.com\/index.php\/wp-json\/wp\/v2\/media?parent=1345"}],"curies":[{"name":"wp","href":"https:\/\/api.w.org\/{rel}","templated":true}]}}