{"id":1348,"date":"2023-12-21T14:59:09","date_gmt":"2023-12-21T13:59:09","guid":{"rendered":"https:\/\/d-dp.com\/?page_id=1348"},"modified":"2024-02-29T15:35:32","modified_gmt":"2024-02-29T14:35:32","slug":"la-poste","status":"publish","type":"page","link":"https:\/\/d-dp.com\/index.php\/la-poste\/","title":{"rendered":"La Poste &#8211; Fusion de syst\u00e8mes financiers"},"content":{"rendered":"\n<div class=\"wp-block-buttons is-layout-flex wp-block-buttons-is-layout-flex\">\n<div class=\"wp-block-button\"><a class=\"wp-block-button__link wp-element-button\" href=\"https:\/\/d-dp.com\/index.php\/references\/\">\u2190 Retour \u00e0 la page pr\u00e9c\u00e9dente<\/a><\/div>\n<\/div>\n\n\n<div class=\"wp-block-image\">\n<figure class=\"aligncenter size-full is-resized\"><img loading=\"lazy\" decoding=\"async\" width=\"300\" height=\"269\" src=\"https:\/\/d-dp.com\/wp-content\/uploads\/2023\/12\/image-26-300x269-1.png\" alt=\"\" class=\"wp-image-1349\" style=\"width:175px;height:auto\"\/><\/figure>\n<\/div>\n\n\n<h2 class=\"wp-block-heading has-black-color has-text-color has-link-color wp-elements-ed40d930d90a03eda94a6f1d2eb48d8c\">Contexte<\/h2>\n\n\n\n<p>La Poste est une entreprise fran\u00e7aise multi m\u00e9tiers, \u00e0 la fois op\u00e9rateur de services postaux, banque, assurance, op\u00e9rateur de t\u00e9l\u00e9phonie mobile, fournisseur de services num\u00e9riques et de solutions commerce.<\/p>\n\n\n\n<p>La direction financi\u00e8re du groupe La Poste a d\u00e9cid\u00e9 de mutualiser les diff\u00e9rents ERP et syst\u00e8mes d\u00e9cisionnels impl\u00e9ment\u00e9s par filiale (Colis, Courrier, La Banque Postale, Poste Immo et Groupe). Apr\u00e8s le rapprochement des syst\u00e8mes informatiques du Colis et Courrier en 2017, le projet RSE (Rapprochement Score Equinox) a pour but de migrer la solution Score (ERP et SAP BW financier pour le Groupe) sur la solution d\u00e9j\u00e0 rapproch\u00e9e Colis \u2013 Courrier.&nbsp;&nbsp;<\/p>\n\n\n\n<h2 class=\"wp-block-heading has-black-color has-text-color has-link-color wp-elements-e96432b7c11f5d0598d9213daa645b9f\">Enjeux du projet<\/h2>\n\n\n\n<p>\u25cfRapprochement de deux syst\u00e8mes SAP ECC et SAP BW\/HANA<\/p>\n\n\n\n<p>\u25cfAnalyse &amp; pilotage des donn\u00e9es financi\u00e8res mutualis\u00e9 pour les 3 filiales&nbsp;<\/p>\n\n\n\n<p>\u25cfMise en place d\u2019une nouvelle interface avec le r\u00e9f\u00e9rentiel commercial suite au&nbsp; d\u00e9commissionnement&nbsp;&nbsp; de l\u2019outil existant<\/p>\n\n\n\n<p>\u25cfCalcul de la redistribution du CA pour la Direction Commerciale suite aux r\u00e9organisations \/ changement dans celle-ci<\/p>\n\n\n\n<h2 class=\"wp-block-heading has-black-color has-text-color has-link-color wp-elements-7640ddbe4174c411b429ca8ca7e0df8f\">Solution<\/h2>\n\n\n\n<p>\u25cfEtude pr\u00e9liminaire et gap analysis fonctionnel et technique avant la migration de la solution Groupe sur le syst\u00e8me Colis\/Courrier<\/p>\n\n\n\n<p>\u25cfL\u2019architecture existante a \u00e9t\u00e9 gard\u00e9e : SAP ECC, BW ON HANA et BEX pour le reporting op\u00e9rationnel<\/p>\n\n\n\n<h2 class=\"wp-block-heading has-black-color has-text-color has-link-color wp-elements-bd2f5ea684f6554abd4bb51c1646f905\">Organisation<\/h2>\n\n\n\n<p>\u25cfEtude pr\u00e9liminaire et gap analysis fonctionnel et technique avant la migration de la solution Groupe sur le syst\u00e8me Colis\/Courrier<\/p>\n\n\n\n<p>\u25cfL\u2019architecture existante a \u00e9t\u00e9 gard\u00e9e : SAP ECC, BW ON HANA et BEX pour le reporting op\u00e9rationnel<\/p>\n\n\n\n<h2 class=\"wp-block-heading has-black-color has-text-color has-link-color wp-elements-e7774466595aeff211f06bf5c8c4898a\">B\u00e9n\u00e9fices<\/h2>\n\n\n\n<p>\u25cfProcessus partag\u00e9 et s\u00e9curis\u00e9 de collecte et consolidation des budgets et forecasts,<\/p>\n\n\n\n<p>\u25cfRapports pr\u00e9d\u00e9finis \u00e0 la main des contr\u00f4leurs de gestion avec les donn\u00e9es des trois filiales mutualis\u00e9e<\/p>\n\n\n\n<p>\u25cfEnrichissement du reporting disponible et mise \u00e0 disposition de nouveaux outils d\u2019analyse pour tous les utilisateurs (notamment des rapports sur la comptabilit\u00e9 du personnel)<\/p>\n\n\n\n<p>\u25cfVision transverse sur les donn\u00e9es financi\u00e8res<\/p>\n\n\n\n<p>\u25cfMise en place d\u2019une interface avec le r\u00e9f\u00e9rentiel commercial commun aux 3 m\u00e9tiers<\/p>\n","protected":false},"excerpt":{"rendered":"<p>Contexte La Poste est une entreprise fran\u00e7aise multi m\u00e9tiers, \u00e0 la fois op\u00e9rateur de services postaux, banque, assurance, op\u00e9rateur de t\u00e9l\u00e9phonie mobile, fournisseur de services num\u00e9riques et de solutions commerce. La direction financi\u00e8re du groupe La Poste a d\u00e9cid\u00e9 de mutualiser les diff\u00e9rents ERP et syst\u00e8mes d\u00e9cisionnels impl\u00e9ment\u00e9s par filiale (Colis, Courrier, La Banque Postale, [&hellip;]<\/p>\n","protected":false},"author":2,"featured_media":1443,"parent":0,"menu_order":0,"comment_status":"closed","ping_status":"closed","template":"","meta":{"footnotes":""},"class_list":["post-1348","page","type-page","status-publish","has-post-thumbnail","hentry","post","post-with-thumbnail","post-with-thumbnail-large"],"_links":{"self":[{"href":"https:\/\/d-dp.com\/index.php\/wp-json\/wp\/v2\/pages\/1348","targetHints":{"allow":["GET"]}}],"collection":[{"href":"https:\/\/d-dp.com\/index.php\/wp-json\/wp\/v2\/pages"}],"about":[{"href":"https:\/\/d-dp.com\/index.php\/wp-json\/wp\/v2\/types\/page"}],"author":[{"embeddable":true,"href":"https:\/\/d-dp.com\/index.php\/wp-json\/wp\/v2\/users\/2"}],"replies":[{"embeddable":true,"href":"https:\/\/d-dp.com\/index.php\/wp-json\/wp\/v2\/comments?post=1348"}],"version-history":[{"count":5,"href":"https:\/\/d-dp.com\/index.php\/wp-json\/wp\/v2\/pages\/1348\/revisions"}],"predecessor-version":[{"id":2027,"href":"https:\/\/d-dp.com\/index.php\/wp-json\/wp\/v2\/pages\/1348\/revisions\/2027"}],"wp:featuredmedia":[{"embeddable":true,"href":"https:\/\/d-dp.com\/index.php\/wp-json\/wp\/v2\/media\/1443"}],"wp:attachment":[{"href":"https:\/\/d-dp.com\/index.php\/wp-json\/wp\/v2\/media?parent=1348"}],"curies":[{"name":"wp","href":"https:\/\/api.w.org\/{rel}","templated":true}]}}