{"id":1351,"date":"2023-12-21T14:59:00","date_gmt":"2023-12-21T13:59:00","guid":{"rendered":"https:\/\/d-dp.com\/?page_id=1351"},"modified":"2024-03-07T09:44:57","modified_gmt":"2024-03-07T08:44:57","slug":"hermes-2","status":"publish","type":"page","link":"https:\/\/d-dp.com\/index.php\/hermes-2\/","title":{"rendered":"Herm\u00e8s &#8211; Reporting op\u00e9rationnel"},"content":{"rendered":"\n<div class=\"wp-block-buttons is-layout-flex wp-block-buttons-is-layout-flex\">\n<div class=\"wp-block-button\"><a class=\"wp-block-button__link wp-element-button\" href=\"https:\/\/d-dp.com\/index.php\/references\/\">\u2190 Retour \u00e0 la page pr\u00e9c\u00e9dente<\/a><\/div>\n<\/div>\n\n\n<div class=\"wp-block-image\">\n<figure class=\"aligncenter size-full\"><img loading=\"lazy\" decoding=\"async\" width=\"1024\" height=\"600\" src=\"https:\/\/d-dp.com\/wp-content\/uploads\/2024\/02\/hermes-symbol-logo-1.png\" alt=\"\" class=\"wp-image-1570\" srcset=\"https:\/\/d-dp.com\/wp-content\/uploads\/2024\/02\/hermes-symbol-logo-1.png 1024w, https:\/\/d-dp.com\/wp-content\/uploads\/2024\/02\/hermes-symbol-logo-1-300x176.png 300w, https:\/\/d-dp.com\/wp-content\/uploads\/2024\/02\/hermes-symbol-logo-1-768x450.png 768w\" sizes=\"auto, (max-width: 1024px) 100vw, 1024px\" \/><\/figure>\n<\/div>\n\n\n<h2 class=\"wp-block-heading has-black-color has-text-color has-link-color wp-elements-ed40d930d90a03eda94a6f1d2eb48d8c\">Contexte<\/h2>\n\n\n\n<p>Filiale de production et de distribution d\u2019une grande entreprise de luxe fran\u00e7aise, elle g\u00e8re la r\u00e9alisation mat\u00e9rielle des produits et assure les circuits de distribution entre les usines et les diff\u00e9rents magasins o\u00f9 sont commercialis\u00e9s les produits (sacs, bagages, agendas, produits de sellerie, petite maroquinerie, v\u00eatements, chaussures et accessoires, articles de soie, bijoux, produits d&rsquo;art de vivre, parfums, horlogerie, et produits d&rsquo;arts de la table).<\/p>\n\n\n\n<p>En parall\u00e8le de la mise du d\u00e9ploiement de l\u2019ERP SAP ECC sur HANA, la DSI a d\u00e9cid\u00e9 de tester la faisabilit\u00e9 d\u2019utiliser Cognos en tant qu\u2019outil front office BI coupler \u00e0 HANA pour mettre en \u0153uvre son&nbsp; reporting op\u00e9rationnel, Cognos \u00e9tant l\u2019outil BI standard utilis\u00e9 dans le groupe.<\/p>\n\n\n\n<h2 class=\"wp-block-heading has-black-color has-text-color has-link-color wp-elements-e96432b7c11f5d0598d9213daa645b9f\">Enjeux du projet<\/h2>\n\n\n\n<p>Filiale de production et de distribution d\u2019une grande entreprise de luxe fran\u00e7aise, elle g\u00e8re la r\u00e9alisation mat\u00e9rielle des produits et assure les circuits de distribution entre les usines et les diff\u00e9rents magasins o\u00f9 sont commercialis\u00e9s les produits (sacs, bagages, agendas, produits de sellerie, petite maroquinerie, v\u00eatements, chaussures et accessoires, articles de soie, bijoux, produits d&rsquo;art de vivre, parfums, horlogerie, et produits d&rsquo;arts de la table).<\/p>\n\n\n\n<p>En parall\u00e8le de la mise du d\u00e9ploiement de l\u2019ERP SAP ECC sur HANA, la DSI a d\u00e9cid\u00e9 de tester la faisabilit\u00e9 d\u2019utiliser Cognos en tant qu\u2019outil front office BI coupler \u00e0 HANA pour mettre en \u0153uvre son&nbsp; reporting op\u00e9rationnel, Cognos \u00e9tant l\u2019outil BI standard utilis\u00e9 dans le groupe.<\/p>\n\n\n\n<h2 class=\"wp-block-heading has-black-color has-text-color has-link-color wp-elements-e7774466595aeff211f06bf5c8c4898a\">B\u00e9n\u00e9fices<\/h2>\n\n\n\n<p>\u25cfReporting temps r\u00e9el sur ECC<\/p>\n\n\n\n<p>\u25cfConservation des outils de front existant<\/p>\n\n\n\n<p>\u25cfPas de flux batch<\/p>\n","protected":false},"excerpt":{"rendered":"<p>Contexte Filiale de production et de distribution d\u2019une grande entreprise de luxe fran\u00e7aise, elle g\u00e8re la r\u00e9alisation mat\u00e9rielle des produits et assure les circuits de distribution entre les usines et les diff\u00e9rents magasins o\u00f9 sont commercialis\u00e9s les produits (sacs, bagages, agendas, produits de sellerie, petite maroquinerie, v\u00eatements, chaussures et accessoires, articles de soie, bijoux, produits [&hellip;]<\/p>\n","protected":false},"author":2,"featured_media":383,"parent":0,"menu_order":0,"comment_status":"closed","ping_status":"closed","template":"","meta":{"footnotes":""},"class_list":["post-1351","page","type-page","status-publish","has-post-thumbnail","hentry","post","post-with-thumbnail","post-with-thumbnail-large"],"_links":{"self":[{"href":"https:\/\/d-dp.com\/index.php\/wp-json\/wp\/v2\/pages\/1351","targetHints":{"allow":["GET"]}}],"collection":[{"href":"https:\/\/d-dp.com\/index.php\/wp-json\/wp\/v2\/pages"}],"about":[{"href":"https:\/\/d-dp.com\/index.php\/wp-json\/wp\/v2\/types\/page"}],"author":[{"embeddable":true,"href":"https:\/\/d-dp.com\/index.php\/wp-json\/wp\/v2\/users\/2"}],"replies":[{"embeddable":true,"href":"https:\/\/d-dp.com\/index.php\/wp-json\/wp\/v2\/comments?post=1351"}],"version-history":[{"count":7,"href":"https:\/\/d-dp.com\/index.php\/wp-json\/wp\/v2\/pages\/1351\/revisions"}],"predecessor-version":[{"id":2111,"href":"https:\/\/d-dp.com\/index.php\/wp-json\/wp\/v2\/pages\/1351\/revisions\/2111"}],"wp:featuredmedia":[{"embeddable":true,"href":"https:\/\/d-dp.com\/index.php\/wp-json\/wp\/v2\/media\/383"}],"wp:attachment":[{"href":"https:\/\/d-dp.com\/index.php\/wp-json\/wp\/v2\/media?parent=1351"}],"curies":[{"name":"wp","href":"https:\/\/api.w.org\/{rel}","templated":true}]}}