{"id":1353,"date":"2023-12-21T14:58:32","date_gmt":"2023-12-21T13:58:32","guid":{"rendered":"https:\/\/d-dp.com\/?page_id=1353"},"modified":"2024-02-29T15:37:28","modified_gmt":"2024-02-29T14:37:28","slug":"edf","status":"publish","type":"page","link":"https:\/\/d-dp.com\/index.php\/edf\/","title":{"rendered":"EDF &#8211; Affectation des co\u00fbts de production"},"content":{"rendered":"\n<div class=\"wp-block-buttons is-layout-flex wp-block-buttons-is-layout-flex\">\n<div class=\"wp-block-button\"><a class=\"wp-block-button__link wp-element-button\" href=\"https:\/\/d-dp.com\/index.php\/references\/\">\u2190 Retour \u00e0 la page pr\u00e9c\u00e9dente<\/a><\/div>\n<\/div>\n\n\n<div class=\"wp-block-image\">\n<figure class=\"aligncenter size-medium\"><img decoding=\"async\" src=\"https:\/\/site.d-dp.com\/wp-content\/uploads\/2023\/09\/image-20-300x154.png\" alt=\"\" class=\"wp-image-579\"\/><\/figure>\n<\/div>\n\n\n<h2 class=\"wp-block-heading has-black-color has-text-color has-link-color wp-elements-ed40d930d90a03eda94a6f1d2eb48d8c\">Contexte<\/h2>\n\n\n\n<p>En pleine transformation num\u00e9rique, EDF met au c\u0153ur de son parcours digital l\u2019innovation pour tous ses domaines d\u2019activit\u00e9s. Cette strat\u00e9gie d\u2019entreprise se d\u00e9cline sur le SI Finance. Sur le plan technique l\u2019objectif est de maitriser les co\u00fbts actuels du SI, le rendre plus souple, performant, fiable et r\u00e9actif pour traiter les demandes d\u2019\u00e9volutions et simplifier l\u2019architecture globale.<\/p>\n\n\n\n<p><\/p>\n\n\n\n<p>Des chantiers visant \u00e0 moderniser le SI Gestion-Finance sont en cours. Le projet OCCEA (Outil de Calculs de Co\u00fbts de l\u2019Energie et d\u2019Analyses) vise \u00e0 la refondre les applications EDEN et CCACC qui r\u00e9pondaient \u00e0 des enjeux strat\u00e9giques et r\u00e9glementaires.<\/p>\n\n\n\n<h2 class=\"wp-block-heading has-black-color has-text-color has-link-color wp-elements-e96432b7c11f5d0598d9213daa645b9f\">Enjeux du projet<\/h2>\n\n\n\n<p>OCCEA est l\u2019outil de calculs des co\u00fbts de production du M\u00e9gawatt heure (MWh) des diff\u00e9rentes fili\u00e8res m\u00e9tier des MPI (Nucl\u00e9aire, Hydraulique, Thermique \u00e0 Flamme, Energie Renouvelable, Hors Production), affin\u00e9 en 3 niveaux :<\/p>\n\n\n\n<p>1.Fili\u00e8res<\/p>\n\n\n\n<p>2.Finalit\u00e9s M\u00e9tiers<\/p>\n\n\n\n<p>3.Outils de Production (tranches, centrales&#8230;) au niveau de granularit\u00e9 le plus fin.<\/p>\n\n\n\n<p>L\u2019application OCCEA constitue la premi\u00e8re brique de la transformation du SI Gestion &#8211; Finance des MPI en remplacement des outils existants EDEN et CCACC devenus obsol\u00e8tes. Le p\u00e9rim\u00e8tre concern\u00e9 correspond au parc en exploitation de la France continentale sous la responsabilit\u00e9 des MPI. Cet ensemble de calculs est r\u00e9alis\u00e9 \u00e0 une fr\u00e9quence trimestrielle.<\/p>\n\n\n\n<h2 class=\"wp-block-heading has-black-color has-text-color has-link-color wp-elements-bd2f5ea684f6554abd4bb51c1646f905\">Organisation<\/h2>\n\n\n\n<p>\u25cfMOA : DPNT Paris \u2013 bas\u00e9e \u00e0 Saint-Denis<\/p>\n\n\n\n<p>\u25cfMOE : DSIT \u2013 DSI EDF bas\u00e9e \u00e0 Nanterre<\/p>\n\n\n\n<p>\u25cfInt\u00e9grateur : DDP (Front Office Paris, Conception et expertise SAP BW HANA) + ATOS (Direction de Projet + d\u00e9v en Back Office Bordeaux)<\/p>\n\n\n\n<h2 class=\"wp-block-heading has-black-color has-text-color has-link-color wp-elements-e7774466595aeff211f06bf5c8c4898a\">B\u00e9n\u00e9fices<\/h2>\n\n\n\n<p>\u25cfFusion d\u2019outils obsol\u00e8tes reposant sur des technologies diff\u00e9rentes&nbsp; au sein d\u2019une application int\u00e9gr\u00e9e<\/p>\n\n\n\n<p>\u25cfOptimisation des temps de traitements : passage de plusieurs jours \u00e0 7 heures maximum.<\/p>\n\n\n\n<p>\u25cfEDF acquiert l\u2019exp\u00e9rience d\u2019un projet BW\/4HANA avant de d\u00e9ployer cette nouvelle technologie<\/p>\n","protected":false},"excerpt":{"rendered":"<p>Contexte En pleine transformation num\u00e9rique, EDF met au c\u0153ur de son parcours digital l\u2019innovation pour tous ses domaines d\u2019activit\u00e9s. Cette strat\u00e9gie d\u2019entreprise se d\u00e9cline sur le SI Finance. Sur le plan technique l\u2019objectif est de maitriser les co\u00fbts actuels du SI, le rendre plus souple, performant, fiable et r\u00e9actif pour traiter les demandes d\u2019\u00e9volutions et [&hellip;]<\/p>\n","protected":false},"author":2,"featured_media":1486,"parent":0,"menu_order":0,"comment_status":"closed","ping_status":"closed","template":"","meta":{"footnotes":""},"class_list":["post-1353","page","type-page","status-publish","has-post-thumbnail","hentry","post","post-with-thumbnail","post-with-thumbnail-large"],"_links":{"self":[{"href":"https:\/\/d-dp.com\/index.php\/wp-json\/wp\/v2\/pages\/1353","targetHints":{"allow":["GET"]}}],"collection":[{"href":"https:\/\/d-dp.com\/index.php\/wp-json\/wp\/v2\/pages"}],"about":[{"href":"https:\/\/d-dp.com\/index.php\/wp-json\/wp\/v2\/types\/page"}],"author":[{"embeddable":true,"href":"https:\/\/d-dp.com\/index.php\/wp-json\/wp\/v2\/users\/2"}],"replies":[{"embeddable":true,"href":"https:\/\/d-dp.com\/index.php\/wp-json\/wp\/v2\/comments?post=1353"}],"version-history":[{"count":5,"href":"https:\/\/d-dp.com\/index.php\/wp-json\/wp\/v2\/pages\/1353\/revisions"}],"predecessor-version":[{"id":2029,"href":"https:\/\/d-dp.com\/index.php\/wp-json\/wp\/v2\/pages\/1353\/revisions\/2029"}],"wp:featuredmedia":[{"embeddable":true,"href":"https:\/\/d-dp.com\/index.php\/wp-json\/wp\/v2\/media\/1486"}],"wp:attachment":[{"href":"https:\/\/d-dp.com\/index.php\/wp-json\/wp\/v2\/media?parent=1353"}],"curies":[{"name":"wp","href":"https:\/\/api.w.org\/{rel}","templated":true}]}}