{"id":1363,"date":"2024-02-28T11:20:55","date_gmt":"2024-02-28T10:20:55","guid":{"rendered":"https:\/\/d-dp.com\/?page_id=1363"},"modified":"2024-10-02T14:22:57","modified_gmt":"2024-10-02T12:22:57","slug":"references","status":"publish","type":"page","link":"https:\/\/d-dp.com\/index.php\/references\/","title":{"rendered":"R\u00e9f\u00e9rences"},"content":{"rendered":"<div id=\"pl-1363\"  class=\"panel-layout\" ><div id=\"pg-1363-0\"  class=\"panel-grid panel-no-style\" ><div id=\"pgc-1363-0-0\"  class=\"panel-grid-cell\" ><div id=\"panel-1363-0-0-0\" class=\"so-panel widget widget_text panel-first-child\" data-index=\"0\" ><h3 class=\"widget-title\">Ils nous ont fait confiance&#8230;<\/h3>\t\t\t<div class=\"textwidget\"><\/div>\n\t\t<\/div><div id=\"panel-1363-0-0-1\" class=\"so-panel widget widget_media_image\" data-index=\"1\" ><img loading=\"lazy\" decoding=\"async\" width=\"1339\" height=\"490\" src=\"https:\/\/d-dp.com\/wp-content\/uploads\/2024\/03\/logo-reference-ddp.png\" class=\"image wp-image-2162  attachment-full size-full\" alt=\"\" style=\"max-width: 100%; height: auto;\" srcset=\"https:\/\/d-dp.com\/wp-content\/uploads\/2024\/03\/logo-reference-ddp.png 1339w, https:\/\/d-dp.com\/wp-content\/uploads\/2024\/03\/logo-reference-ddp-300x110.png 300w, https:\/\/d-dp.com\/wp-content\/uploads\/2024\/03\/logo-reference-ddp-1024x375.png 1024w, https:\/\/d-dp.com\/wp-content\/uploads\/2024\/03\/logo-reference-ddp-768x281.png 768w\" sizes=\"auto, (max-width: 1339px) 100vw, 1339px\" \/><\/div><div id=\"panel-1363-0-0-2\" class=\"so-panel widget widget_sow-post-carousel panel-last-child\" data-index=\"2\" ><div\n\t\t\t\n\t\t\tclass=\"so-widget-sow-post-carousel so-widget-sow-post-carousel-base-326a5a1ca1b9-1363\"\n\t\t\t\n\t\t>\t<div\n\t\tclass=\"sow-post-carousel-wrapper sow-post-carousel-theme-base\"\n\t\tstyle=\"overflow: hidden; max-width: 100%; min-height: 182px\"\n\t>\n\t\t<div class=\"sow-carousel-title has-title\">\n\t<h3 class=\"widget-title\">Quelques projets :<\/h3>\t\t<div class=\"sow-carousel-navigation \">\n\t\t\t\t\t\t<a href=\"#\" class=\"sow-carousel-next\" title=\"Suivant\" aria-label=\"Next Posts\" role=\"button\"><\/a>\n\t\t\t\t\t\t<a href=\"#\" class=\"sow-carousel-previous\" title=\"Pr\u00e9c\u00e9dent\" aria-label=\"Previous Posts\" role=\"button\"><\/a>\n\t\t\t\t\t<\/div>\n\t<\/div>\n\n<div class=\"sow-carousel-container \">\n\t\t<div class=\"sow-carousel-wrapper\"\n\t\tdata-dir=\"ltr\"\n\t\tstyle=\"opacity: 0;\"\n\t\tdata-widget=\"post\" data-fetching=\"false\" data-page=\"1\" data-ajax-url=\"https:\/\/d-dp.com\/wp-admin\/admin-ajax.php?_widgets_nonce=ea3ed41d9a\" data-item_count=\"7\" data-carousel_settings=\"{&quot;loop&quot;:true,&quot;animation&quot;:&quot;ease&quot;,&quot;animation_speed&quot;:2,&quot;autoplay&quot;:&quot;on&quot;,&quot;pauseOnHover&quot;:true,&quot;autoplaySpeed&quot;:2000,&quot;item_overflow&quot;:true,&quot;autoplay_continuous_scroll&quot;:false}\" data-responsive=\"{&quot;desktop_slides_to_scroll&quot;:1,&quot;tablet_landscape_breakpoint&quot;:1366,&quot;tablet_landscape_slides_to_scroll&quot;:2,&quot;tablet_portrait_breakpoint&quot;:1025,&quot;tablet_portrait_slides_to_scroll&quot;:2,&quot;mobile_breakpoint&quot;:480,&quot;mobile_slides_to_scroll&quot;:1,&quot;desktop_slides_to_show&quot;:3,&quot;tablet_landscape_slides_to_show&quot;:3,&quot;tablet_portrait_slides_to_show&quot;:2,&quot;mobile_slides_to_show&quot;:1}\" data-variable_width=\"true\" \t>\n\t\t<div\n\t\t\tclass=\"sow-carousel-items\"\n\t\t\t\t\t>\n\t\t\t\t<div class=\"sow-carousel-item\" tabindex=\"-1\" style=\"float: left;\">\n\t\t<div class=\"sow-carousel-thumbnail\">\n\t\t\t\t\t\t\t<a\n\t\t\t\t\thref=\"https:\/\/d-dp.com\/index.php\/thales\/\"\n\t\t\t\t\t\t\t\t\t\tstyle=\"background-image: url( https:\/\/d-dp.com\/wp-content\/uploads\/2024\/02\/thales-272x182.png )\"\n\t\t\t\t\taria-labelledby=\"sow-carousel-id-1338\"\n\t\t\t\t\ttabindex=\"-1\"\n\t\t\t\t>\n\t\t\t\t\t<span class=\"overlay\"><\/span>\n\t\t\t\t<\/a>\n\t\t\t\t\t<\/div>\n\t\t<h3 class=\"sow-carousel-item-title\">\n\t\t\t<a\n\t\t\t\thref=\"https:\/\/d-dp.com\/index.php\/thales\/\"\n\t\t\t\tid=\"sow-carousel-id-1338\"\n\t\t\t\t\t\t\t\ttabindex=\"-1\"\n\t\t\t>\n\n\t\t\t\tThales &#8211; Dashboard Finance\t\t\t<\/a>\n\t\t<\/h3>\n\t<\/div>\n\t\t<div class=\"sow-carousel-item\" tabindex=\"-1\" style=\"float: left;\">\n\t\t<div class=\"sow-carousel-thumbnail\">\n\t\t\t\t\t\t\t<a\n\t\t\t\t\thref=\"https:\/\/d-dp.com\/index.php\/lvm\/\"\n\t\t\t\t\t\t\t\t\t\tstyle=\"background-image: url( https:\/\/d-dp.com\/wp-content\/uploads\/2024\/02\/louis-vuitton-primary-logo-272x182.png )\"\n\t\t\t\t\taria-labelledby=\"sow-carousel-id-1342\"\n\t\t\t\t\ttabindex=\"-1\"\n\t\t\t\t>\n\t\t\t\t\t<span class=\"overlay\"><\/span>\n\t\t\t\t<\/a>\n\t\t\t\t\t<\/div>\n\t\t<h3 class=\"sow-carousel-item-title\">\n\t\t\t<a\n\t\t\t\thref=\"https:\/\/d-dp.com\/index.php\/lvm\/\"\n\t\t\t\tid=\"sow-carousel-id-1342\"\n\t\t\t\t\t\t\t\ttabindex=\"-1\"\n\t\t\t>\n\n\t\t\t\tLVM &#8211; Reporting op\u00e9rationnel et financier\t\t\t<\/a>\n\t\t<\/h3>\n\t<\/div>\n\t\t<div class=\"sow-carousel-item\" tabindex=\"-1\" style=\"float: left;\">\n\t\t<div class=\"sow-carousel-thumbnail\">\n\t\t\t\t\t\t\t<a\n\t\t\t\t\thref=\"https:\/\/d-dp.com\/index.php\/longchamp\/\"\n\t\t\t\t\t\t\t\t\t\tstyle=\"background-image: url( https:\/\/d-dp.com\/wp-content\/uploads\/2023\/12\/image-23-300x197-1-272x182.png )\"\n\t\t\t\t\taria-labelledby=\"sow-carousel-id-1345\"\n\t\t\t\t\ttabindex=\"-1\"\n\t\t\t\t>\n\t\t\t\t\t<span class=\"overlay\"><\/span>\n\t\t\t\t<\/a>\n\t\t\t\t\t<\/div>\n\t\t<h3 class=\"sow-carousel-item-title\">\n\t\t\t<a\n\t\t\t\thref=\"https:\/\/d-dp.com\/index.php\/longchamp\/\"\n\t\t\t\tid=\"sow-carousel-id-1345\"\n\t\t\t\t\t\t\t\ttabindex=\"-1\"\n\t\t\t>\n\n\t\t\t\tLongchamp &#8211; P&#038;L pour la direction g\u00e9n\u00e9rale\t\t\t<\/a>\n\t\t<\/h3>\n\t<\/div>\n\t\t<div class=\"sow-carousel-item\" tabindex=\"-1\" style=\"float: left;\">\n\t\t<div class=\"sow-carousel-thumbnail\">\n\t\t\t\t\t\t\t<a\n\t\t\t\t\thref=\"https:\/\/d-dp.com\/index.php\/la-poste\/\"\n\t\t\t\t\t\t\t\t\t\tstyle=\"background-image: url( https:\/\/d-dp.com\/wp-content\/uploads\/2024\/02\/laposte-272x182.png )\"\n\t\t\t\t\taria-labelledby=\"sow-carousel-id-1348\"\n\t\t\t\t\ttabindex=\"-1\"\n\t\t\t\t>\n\t\t\t\t\t<span class=\"overlay\"><\/span>\n\t\t\t\t<\/a>\n\t\t\t\t\t<\/div>\n\t\t<h3 class=\"sow-carousel-item-title\">\n\t\t\t<a\n\t\t\t\thref=\"https:\/\/d-dp.com\/index.php\/la-poste\/\"\n\t\t\t\tid=\"sow-carousel-id-1348\"\n\t\t\t\t\t\t\t\ttabindex=\"-1\"\n\t\t\t>\n\n\t\t\t\tLa Poste &#8211; Fusion de syst\u00e8mes financiers\t\t\t<\/a>\n\t\t<\/h3>\n\t<\/div>\n\t\t<div class=\"sow-carousel-item\" tabindex=\"-1\" style=\"float: left;\">\n\t\t<div class=\"sow-carousel-thumbnail\">\n\t\t\t\t\t\t\t<a\n\t\t\t\t\thref=\"https:\/\/d-dp.com\/index.php\/hermes-2\/\"\n\t\t\t\t\t\t\t\t\t\tstyle=\"background-image: url( https:\/\/d-dp.com\/wp-content\/uploads\/2018\/06\/herm\u00e8s2.png )\"\n\t\t\t\t\taria-labelledby=\"sow-carousel-id-1351\"\n\t\t\t\t\ttabindex=\"-1\"\n\t\t\t\t>\n\t\t\t\t\t<span class=\"overlay\"><\/span>\n\t\t\t\t<\/a>\n\t\t\t\t\t<\/div>\n\t\t<h3 class=\"sow-carousel-item-title\">\n\t\t\t<a\n\t\t\t\thref=\"https:\/\/d-dp.com\/index.php\/hermes-2\/\"\n\t\t\t\tid=\"sow-carousel-id-1351\"\n\t\t\t\t\t\t\t\ttabindex=\"-1\"\n\t\t\t>\n\n\t\t\t\tHerm\u00e8s &#8211; Reporting op\u00e9rationnel\t\t\t<\/a>\n\t\t<\/h3>\n\t<\/div>\n\t\t<div class=\"sow-carousel-item\" tabindex=\"-1\" style=\"float: left;\">\n\t\t<div class=\"sow-carousel-thumbnail\">\n\t\t\t\t\t\t\t<a\n\t\t\t\t\thref=\"https:\/\/d-dp.com\/index.php\/edf\/\"\n\t\t\t\t\t\t\t\t\t\tstyle=\"background-image: url( https:\/\/d-dp.com\/wp-content\/uploads\/2024\/02\/edf-copie-272x182.png )\"\n\t\t\t\t\taria-labelledby=\"sow-carousel-id-1353\"\n\t\t\t\t\ttabindex=\"-1\"\n\t\t\t\t>\n\t\t\t\t\t<span class=\"overlay\"><\/span>\n\t\t\t\t<\/a>\n\t\t\t\t\t<\/div>\n\t\t<h3 class=\"sow-carousel-item-title\">\n\t\t\t<a\n\t\t\t\thref=\"https:\/\/d-dp.com\/index.php\/edf\/\"\n\t\t\t\tid=\"sow-carousel-id-1353\"\n\t\t\t\t\t\t\t\ttabindex=\"-1\"\n\t\t\t>\n\n\t\t\t\tEDF &#8211; Affectation des co\u00fbts de production\t\t\t<\/a>\n\t\t<\/h3>\n\t<\/div>\n\t\t<div class=\"sow-carousel-item\" tabindex=\"-1\" style=\"float: left;\">\n\t\t<div class=\"sow-carousel-thumbnail\">\n\t\t\t\t\t\t\t<a\n\t\t\t\t\thref=\"https:\/\/d-dp.com\/index.php\/arkema\/\"\n\t\t\t\t\t\t\t\t\t\tstyle=\"background-image: url( https:\/\/d-dp.com\/wp-content\/uploads\/2024\/02\/arkema-logo-272x182.webp )\"\n\t\t\t\t\taria-labelledby=\"sow-carousel-id-1356\"\n\t\t\t\t\ttabindex=\"-1\"\n\t\t\t\t>\n\t\t\t\t\t<span class=\"overlay\"><\/span>\n\t\t\t\t<\/a>\n\t\t\t\t\t<\/div>\n\t\t<h3 class=\"sow-carousel-item-title\">\n\t\t\t<a\n\t\t\t\thref=\"https:\/\/d-dp.com\/index.php\/arkema\/\"\n\t\t\t\tid=\"sow-carousel-id-1356\"\n\t\t\t\t\t\t\t\ttabindex=\"-1\"\n\t\t\t>\n\n\t\t\t\tArkema &#8211; KPI CRM\t\t\t<\/a>\n\t\t<\/h3>\n\t<\/div>\n\t\t\t<\/div>\n\t\t\t<\/div>\n\n\t<\/div>\n\t\t<input type=\"hidden\" name=\"instance_hash\" value=\"c8293c80\"\/>\n\t<\/div>\n<\/div><\/div><\/div><\/div><\/div>","protected":false},"excerpt":{"rendered":"<p>Ils nous ont fait confiance&#8230; Quelques projets : Thales &#8211; Dashboard Finance LVM &#8211; Reporting op\u00e9rationnel et financier Longchamp &#8211; P&#038;L pour la direction g\u00e9n\u00e9rale La Poste &#8211; Fusion de syst\u00e8mes financiers Herm\u00e8s &#8211; Reporting op\u00e9rationnel EDF &#8211; Affectation des co\u00fbts de production Arkema &#8211; KPI CRM<\/p>\n","protected":false},"author":2,"featured_media":0,"parent":0,"menu_order":0,"comment_status":"closed","ping_status":"closed","template":"","meta":{"footnotes":""},"class_list":["post-1363","page","type-page","status-publish","hentry","post"],"_links":{"self":[{"href":"https:\/\/d-dp.com\/index.php\/wp-json\/wp\/v2\/pages\/1363","targetHints":{"allow":["GET"]}}],"collection":[{"href":"https:\/\/d-dp.com\/index.php\/wp-json\/wp\/v2\/pages"}],"about":[{"href":"https:\/\/d-dp.com\/index.php\/wp-json\/wp\/v2\/types\/page"}],"author":[{"embeddable":true,"href":"https:\/\/d-dp.com\/index.php\/wp-json\/wp\/v2\/users\/2"}],"replies":[{"embeddable":true,"href":"https:\/\/d-dp.com\/index.php\/wp-json\/wp\/v2\/comments?post=1363"}],"version-history":[{"count":49,"href":"https:\/\/d-dp.com\/index.php\/wp-json\/wp\/v2\/pages\/1363\/revisions"}],"predecessor-version":[{"id":1686,"href":"https:\/\/d-dp.com\/index.php\/wp-json\/wp\/v2\/pages\/1363\/revisions\/1686"}],"wp:attachment":[{"href":"https:\/\/d-dp.com\/index.php\/wp-json\/wp\/v2\/media?parent=1363"}],"curies":[{"name":"wp","href":"https:\/\/api.w.org\/{rel}","templated":true}]}}