{"id":1432,"date":"2024-02-29T09:49:18","date_gmt":"2024-02-29T08:49:18","guid":{"rendered":"https:\/\/d-dp.com\/?page_id=1432"},"modified":"2024-02-29T10:11:53","modified_gmt":"2024-02-29T09:11:53","slug":"blog","status":"publish","type":"page","link":"https:\/\/d-dp.com\/index.php\/blog\/","title":{"rendered":"Blog"},"content":{"rendered":"<div id=\"pl-1432\"  class=\"panel-layout\" ><div id=\"pg-1432-0\"  class=\"panel-grid panel-no-style\" ><div id=\"pgc-1432-0-0\"  class=\"panel-grid-cell\" ><div id=\"panel-1432-0-0-0\" class=\"so-panel widget widget_sow-blog panel-first-child panel-last-child\" data-index=\"0\" ><div\n\t\t\t\n\t\t\tclass=\"so-widget-sow-blog so-widget-sow-blog-grid-39de765da510-1432\"\n\t\t\t\n\t\t>\t\t<div\n\t\tclass=\"sow-blog sow-blog-layout-grid\"\n\t\tdata-template=\"grid\"\n\t\tdata-settings=\"{&quot;columns&quot;:2,&quot;featured_image&quot;:true,&quot;featured_image_empty&quot;:true,&quot;featured_image_size&quot;:&quot;sow-blog-grid&quot;,&quot;featured_image_size_width&quot;:&quot;&quot;,&quot;featured_image_size_height&quot;:&quot;&quot;,&quot;tag&quot;:&quot;h2&quot;,&quot;content&quot;:&quot;excerpt&quot;,&quot;read_more&quot;:true,&quot;excerpt_length&quot;:55,&quot;excerpt_trim&quot;:&quot;&quot;,&quot;read_more_text&quot;:&quot;&quot;,&quot;date&quot;:true,&quot;author&quot;:true,&quot;filter_categories&quot;:false,&quot;categories&quot;:true,&quot;comment_count&quot;:true,&quot;pagination&quot;:&quot;links&quot;,&quot;pagination_reload&quot;:&quot;ajax&quot;,&quot;so_field_container_state&quot;:&quot;open&quot;,&quot;featured_image_fallback&quot;:&quot;&quot;,&quot;tags&quot;:&quot;&quot;,&quot;date_output_format&quot;:&quot;&quot;,&quot;trim_manual_excerpt&quot;:&quot;&quot;,&quot;template&quot;:&quot;grid&quot;}\"\n\t\tdata-paged=\"1\"\n\t\tdata-paging-id=\"39de765da510\"\n\t\tdata-total-pages=\"1\"\n\t\tdata-hash=\"e9f87799\"\n\t>\n\t\t\t\t\t<div class=\"sow-blog-ajax-loader\" style=\"display: none;\">\n\t\t\t\t<div class=\"sow-blog-ajax-loader-icon\"><div><\/div><div><\/div><div><\/div><div><\/div><\/div>\n\t\t\t<\/div>\n\t\t\t\n\t\t\t\t\t\t\t<div class=\"sow-blog-posts\">\n\t\t\t\t<article id=\"post-2648\" class=\"post-2648 post type-post status-publish format-standard has-post-thumbnail hentry category-blog post-with-thumbnail post-with-thumbnail-large\" style=\"margin: 0 0 30px;\">\n\t\t\t\t\t<div class=\"sow-entry-thumbnail\">\n\t\t\t\t\t\t\t\t\t\t<a href=\"https:\/\/d-dp.com\/index.php\/2025\/08\/22\/concevoir-des-visualisations-interactives-avec-power-bi\/\">\n\t\t\t\t\t\t<img loading=\"lazy\" decoding=\"async\" width=\"720\" height=\"480\" src=\"https:\/\/d-dp.com\/wp-content\/uploads\/2025\/08\/Nouveau-projet-1-720x480.png\" class=\"attachment-sow-blog-grid size-sow-blog-grid wp-post-image\" alt=\"\" srcset=\"https:\/\/d-dp.com\/wp-content\/uploads\/2025\/08\/Nouveau-projet-1-720x480.png 720w, https:\/\/d-dp.com\/wp-content\/uploads\/2025\/08\/Nouveau-projet-1-300x201.png 300w, https:\/\/d-dp.com\/wp-content\/uploads\/2025\/08\/Nouveau-projet-1-272x182.png 272w, https:\/\/d-dp.com\/wp-content\/uploads\/2025\/08\/Nouveau-projet-1-360x240.png 360w\" sizes=\"auto, (max-width: 720px) 100vw, 720px\" \/>\t\t\t\t\t<\/a>\n\t\t\t\t<\/div>\n\t\t\t\t\t\t\t<div class=\"sow-blog-content-wrapper\"\n\t\t style=\"padding: 25px 30px 33px;\">\n\t\t\t\t<header class=\"sow-entry-header\">\n\t\t\t<h2 class=\"sow-entry-title\" style=\"margin: 0 0 5px;\"><a href=\"https:\/\/d-dp.com\/index.php\/2025\/08\/22\/concevoir-des-visualisations-interactives-avec-power-bi\/\" rel=\"bookmark\">Concevoir des visualisations interactives avec Power BI<\/a><\/h2>\t\t\t<div class=\"sow-entry-meta\">\n\t\t\t\t\t\t\t<span class=\"sow-entry-date\">\n\t\t\t\t<a href=\"https:\/\/d-dp.com\/index.php\/2025\/08\/22\/concevoir-des-visualisations-interactives-avec-power-bi\/\" rel=\"bookmark\">\n\t\t\t\t\t<time class=\"published\" datetime=\"2025-08-22T14:19:50+02:00\">\n\t\t\t\t\t\t22\/08\/2025\t\t\t\t\t<\/time>\n\t\t\t\t\t<time class=\"updated\" datetime=\"2025-09-23T15:49:28+02:00\">\n\t\t\t\t\t\t23\/09\/2025\t\t\t\t\t<\/time>\n\t\t\t\t<\/a>\n\t\t\t<\/span>\n\t\t\n\t\t\t\t\t<span class=\"sow-entry-author-link byline\">\n\t\t\t\t\t\t\t\t\t<span class=\"sow-author author vcard\">\n\t\t\t\t\t\t<a class=\"url fn n\" href=\"https:\/\/d-dp.com\/index.php\/author\/emo\/\" rel=\"author\">\n\t\t\t\t\t\t\tEdwin Molinier\t\t\t\t\t\t<\/a>\n\t\t\t\t\t<\/span>\n\t\t\t\t\t\t\t<\/span>\n\t\t\n\t\t<span class=\"sow-entry-categories\"><a href=\"https:\/\/d-dp.com\/index.php\/category\/blog\/\">Blog<\/a><\/span>\n\t\t\t\t\t<\/div>\n\t\t<\/header>\n\n\t\t\t\t\t<div\n\t\t\t\tclass=\"sow-entry-content\"\n\t\t\t\tstyle=\"margin-top: 20px;\"\n\t\t\t>\n\t\t\t\t<p>Dans un monde o\u00f9 les donn\u00e9es sont au c\u0153ur de la prise de d\u00e9cision, visualiser et interagir avec ces donn\u00e9es de mani\u00e8re intuitive est devenu essentiel. Power BI, avec ses fonctionnalit\u00e9s natives, permet de cr\u00e9er des visuels interactifs sans d\u00e9pendre d'extensions. Que ce soit pour analyser des donn\u00e9es m\u00e9dicales, commerciales ou industrielles, cette m\u00e9thode s'applique...<a class=\"sow-more-link more-link excerpt\" href=\"https:\/\/d-dp.com\/index.php\/2025\/08\/22\/concevoir-des-visualisations-interactives-avec-power-bi\/\">Continue reading<span class=\"sow-more-link-arrow\">&rarr;<\/span><\/a><\/p>\t\t\t<\/div>\n\t\t\t\t<\/div>\n<\/article>\n<article id=\"post-2634\" class=\"post-2634 post type-post status-publish format-standard has-post-thumbnail hentry category-blog post-with-thumbnail post-with-thumbnail-large\" style=\"margin: 0 0 30px;\">\n\t\t\t\t\t<div class=\"sow-entry-thumbnail\">\n\t\t\t\t\t\t\t\t\t\t<a href=\"https:\/\/d-dp.com\/index.php\/2025\/08\/22\/power-bi-transformer-vos-donnees-en-decisions-strategiques\/\">\n\t\t\t\t\t\t<img loading=\"lazy\" decoding=\"async\" width=\"720\" height=\"480\" src=\"https:\/\/d-dp.com\/wp-content\/uploads\/2025\/08\/Nouveau-projet-720x480.png\" class=\"attachment-sow-blog-grid size-sow-blog-grid wp-post-image\" alt=\"\" srcset=\"https:\/\/d-dp.com\/wp-content\/uploads\/2025\/08\/Nouveau-projet-720x480.png 720w, https:\/\/d-dp.com\/wp-content\/uploads\/2025\/08\/Nouveau-projet-300x201.png 300w, https:\/\/d-dp.com\/wp-content\/uploads\/2025\/08\/Nouveau-projet-272x182.png 272w, https:\/\/d-dp.com\/wp-content\/uploads\/2025\/08\/Nouveau-projet-360x240.png 360w\" sizes=\"auto, (max-width: 720px) 100vw, 720px\" \/>\t\t\t\t\t<\/a>\n\t\t\t\t<\/div>\n\t\t\t\t\t\t\t<div class=\"sow-blog-content-wrapper\"\n\t\t style=\"padding: 25px 30px 33px;\">\n\t\t\t\t<header class=\"sow-entry-header\">\n\t\t\t<h2 class=\"sow-entry-title\" style=\"margin: 0 0 5px;\"><a href=\"https:\/\/d-dp.com\/index.php\/2025\/08\/22\/power-bi-transformer-vos-donnees-en-decisions-strategiques\/\" rel=\"bookmark\">Power BI Transformer Vos Donn\u00e9es en D\u00e9cisions Strat\u00e9giques<\/a><\/h2>\t\t\t<div class=\"sow-entry-meta\">\n\t\t\t\t\t\t\t<span class=\"sow-entry-date\">\n\t\t\t\t<a href=\"https:\/\/d-dp.com\/index.php\/2025\/08\/22\/power-bi-transformer-vos-donnees-en-decisions-strategiques\/\" rel=\"bookmark\">\n\t\t\t\t\t<time class=\"published\" datetime=\"2025-08-22T09:59:05+02:00\">\n\t\t\t\t\t\t22\/08\/2025\t\t\t\t\t<\/time>\n\t\t\t\t\t<time class=\"updated\" datetime=\"2025-08-27T09:16:00+02:00\">\n\t\t\t\t\t\t27\/08\/2025\t\t\t\t\t<\/time>\n\t\t\t\t<\/a>\n\t\t\t<\/span>\n\t\t\n\t\t\t\t\t<span class=\"sow-entry-author-link byline\">\n\t\t\t\t\t\t\t\t\t<span class=\"sow-author author vcard\">\n\t\t\t\t\t\t<a class=\"url fn n\" href=\"https:\/\/d-dp.com\/index.php\/author\/emo\/\" rel=\"author\">\n\t\t\t\t\t\t\tEdwin Molinier\t\t\t\t\t\t<\/a>\n\t\t\t\t\t<\/span>\n\t\t\t\t\t\t\t<\/span>\n\t\t\n\t\t<span class=\"sow-entry-categories\"><a href=\"https:\/\/d-dp.com\/index.php\/category\/blog\/\">Blog<\/a><\/span>\n\t\t\t\t\t<\/div>\n\t\t<\/header>\n\n\t\t\t\t\t<div\n\t\t\t\tclass=\"sow-entry-content\"\n\t\t\t\tstyle=\"margin-top: 20px;\"\n\t\t\t>\n\t\t\t\t<p>Dans un monde o\u00f9 les donn\u00e9es sont omnipr\u00e9sentes, les entreprises et organisations de tous secteurs doivent comprendre, analyser et exploiter leurs informations pour rester comp\u00e9titives. Que vous soyez dans la sant\u00e9, la logistique, le commerce ou l\u2019industrie, la capacit\u00e9 \u00e0 visualiser et interpr\u00e9ter vos donn\u00e9es peut faire la diff\u00e9rence entre une d\u00e9cision \u00e9clair\u00e9e et une...<a class=\"sow-more-link more-link excerpt\" href=\"https:\/\/d-dp.com\/index.php\/2025\/08\/22\/power-bi-transformer-vos-donnees-en-decisions-strategiques\/\">Continue reading<span class=\"sow-more-link-arrow\">&rarr;<\/span><\/a><\/p>\t\t\t<\/div>\n\t\t\t\t<\/div>\n<\/article>\n<article id=\"post-2236\" class=\"post-2236 post type-post status-publish format-standard has-post-thumbnail hentry category-blog post-with-thumbnail post-with-thumbnail-large\" style=\"margin: 0 0 30px;\">\n\t\t\t\t\t<div class=\"sow-entry-thumbnail\">\n\t\t\t\t\t\t\t\t\t\t<a href=\"https:\/\/d-dp.com\/index.php\/2024\/03\/13\/sap-datasphere-les-spaces-cas-dusage\/\">\n\t\t\t\t\t\t<img loading=\"lazy\" decoding=\"async\" width=\"720\" height=\"480\" src=\"https:\/\/d-dp.com\/wp-content\/uploads\/2024\/03\/SAP-Datasphere-Les-Espaces-cas-dusage.jpg-720x480.png\" class=\"attachment-sow-blog-grid size-sow-blog-grid wp-post-image\" alt=\"\" srcset=\"https:\/\/d-dp.com\/wp-content\/uploads\/2024\/03\/SAP-Datasphere-Les-Espaces-cas-dusage.jpg-720x480.png 720w, https:\/\/d-dp.com\/wp-content\/uploads\/2024\/03\/SAP-Datasphere-Les-Espaces-cas-dusage.jpg-272x182.png 272w\" sizes=\"auto, (max-width: 720px) 100vw, 720px\" \/>\t\t\t\t\t<\/a>\n\t\t\t\t<\/div>\n\t\t\t\t\t\t\t<div class=\"sow-blog-content-wrapper\"\n\t\t style=\"padding: 25px 30px 33px;\">\n\t\t\t\t<header class=\"sow-entry-header\">\n\t\t\t<h2 class=\"sow-entry-title\" style=\"margin: 0 0 5px;\"><a href=\"https:\/\/d-dp.com\/index.php\/2024\/03\/13\/sap-datasphere-les-spaces-cas-dusage\/\" rel=\"bookmark\">SAP Datasphere \u2013 Les Spaces \u2013 Cas d\u2019usage<\/a><\/h2>\t\t\t<div class=\"sow-entry-meta\">\n\t\t\t\t\t\t\t<span class=\"sow-entry-date\">\n\t\t\t\t<a href=\"https:\/\/d-dp.com\/index.php\/2024\/03\/13\/sap-datasphere-les-spaces-cas-dusage\/\" rel=\"bookmark\">\n\t\t\t\t\t<time class=\"published\" datetime=\"2024-03-13T11:14:31+01:00\">\n\t\t\t\t\t\t13\/03\/2024\t\t\t\t\t<\/time>\n\t\t\t\t\t<time class=\"updated\" datetime=\"2024-03-15T15:02:27+01:00\">\n\t\t\t\t\t\t15\/03\/2024\t\t\t\t\t<\/time>\n\t\t\t\t<\/a>\n\t\t\t<\/span>\n\t\t\n\t\t\t\t\t<span class=\"sow-entry-author-link byline\">\n\t\t\t\t\t\t\t\t\t<span class=\"sow-author author vcard\">\n\t\t\t\t\t\t<a class=\"url fn n\" href=\"https:\/\/d-dp.com\/index.php\/author\/tch\/\" rel=\"author\">\n\t\t\t\t\t\t\tTaoufik Chouqrati\t\t\t\t\t\t<\/a>\n\t\t\t\t\t<\/span>\n\t\t\t\t\t\t\t<\/span>\n\t\t\n\t\t<span class=\"sow-entry-categories\"><a href=\"https:\/\/d-dp.com\/index.php\/category\/blog\/\">Blog<\/a><\/span>\n\t\t\t\t\t<\/div>\n\t\t<\/header>\n\n\t\t\t\t\t<div\n\t\t\t\tclass=\"sow-entry-content\"\n\t\t\t\tstyle=\"margin-top: 20px;\"\n\t\t\t>\n\t\t\t\t<p>Dans cet article, nous allons pr\u00e9senter un cas d\u2019usage des spaces de SAP DWC Un peu de contexte Business Vous \u00eates responsable des achats chez un fabricant de meubles. En fin strat\u00e8ge que vous \u00eates, vous ne prenez pas le risque de mettre tous vos \u0153ufs dans le m\u00eame panier lorsqu\u2019il s\u2019agit d\u2019achat de MP....<a class=\"sow-more-link more-link excerpt\" href=\"https:\/\/d-dp.com\/index.php\/2024\/03\/13\/sap-datasphere-les-spaces-cas-dusage\/\">Continue reading<span class=\"sow-more-link-arrow\">&rarr;<\/span><\/a><\/p>\t\t\t<\/div>\n\t\t\t\t<\/div>\n<\/article>\n<article id=\"post-2269\" class=\"post-2269 post type-post status-publish format-standard has-post-thumbnail hentry category-blog post-with-thumbnail post-with-thumbnail-large\" style=\"margin: 0 0 30px;\">\n\t\t\t\t\t<div class=\"sow-entry-thumbnail\">\n\t\t\t\t\t\t\t\t\t\t<a href=\"https:\/\/d-dp.com\/index.php\/2024\/03\/13\/organisation-des-spaces-au-sein-de-sap-datasphere\/\">\n\t\t\t\t\t\t<img loading=\"lazy\" decoding=\"async\" width=\"720\" height=\"480\" src=\"https:\/\/d-dp.com\/wp-content\/uploads\/2024\/03\/SAP-Datasphere-Organisation-des-Spaces-au-sein-de-SAP-Datasphere-720x480.png\" class=\"attachment-sow-blog-grid size-sow-blog-grid wp-post-image\" alt=\"\" srcset=\"https:\/\/d-dp.com\/wp-content\/uploads\/2024\/03\/SAP-Datasphere-Organisation-des-Spaces-au-sein-de-SAP-Datasphere-720x480.png 720w, https:\/\/d-dp.com\/wp-content\/uploads\/2024\/03\/SAP-Datasphere-Organisation-des-Spaces-au-sein-de-SAP-Datasphere-272x182.png 272w\" sizes=\"auto, (max-width: 720px) 100vw, 720px\" \/>\t\t\t\t\t<\/a>\n\t\t\t\t<\/div>\n\t\t\t\t\t\t\t<div class=\"sow-blog-content-wrapper\"\n\t\t style=\"padding: 25px 30px 33px;\">\n\t\t\t\t<header class=\"sow-entry-header\">\n\t\t\t<h2 class=\"sow-entry-title\" style=\"margin: 0 0 5px;\"><a href=\"https:\/\/d-dp.com\/index.php\/2024\/03\/13\/organisation-des-spaces-au-sein-de-sap-datasphere\/\" rel=\"bookmark\">Organisation des spaces au sein de SAP Datasphere<\/a><\/h2>\t\t\t<div class=\"sow-entry-meta\">\n\t\t\t\t\t\t\t<span class=\"sow-entry-date\">\n\t\t\t\t<a href=\"https:\/\/d-dp.com\/index.php\/2024\/03\/13\/organisation-des-spaces-au-sein-de-sap-datasphere\/\" rel=\"bookmark\">\n\t\t\t\t\t<time class=\"published\" datetime=\"2024-03-13T11:13:35+01:00\">\n\t\t\t\t\t\t13\/03\/2024\t\t\t\t\t<\/time>\n\t\t\t\t\t<time class=\"updated\" datetime=\"2025-08-26T09:05:08+02:00\">\n\t\t\t\t\t\t26\/08\/2025\t\t\t\t\t<\/time>\n\t\t\t\t<\/a>\n\t\t\t<\/span>\n\t\t\n\t\t\t\t\t<span class=\"sow-entry-author-link byline\">\n\t\t\t\t\t\t\t\t\t<span class=\"sow-author author vcard\">\n\t\t\t\t\t\t<a class=\"url fn n\" href=\"https:\/\/d-dp.com\/index.php\/author\/seg\/\" rel=\"author\">\n\t\t\t\t\t\t\tSirine El Gaied\t\t\t\t\t\t<\/a>\n\t\t\t\t\t<\/span>\n\t\t\t\t\t\t\t<\/span>\n\t\t\n\t\t<span class=\"sow-entry-categories\"><a href=\"https:\/\/d-dp.com\/index.php\/category\/blog\/\">Blog<\/a><\/span>\n\t\t\t\t\t<\/div>\n\t\t<\/header>\n\n\t\t\t\t\t<div\n\t\t\t\tclass=\"sow-entry-content\"\n\t\t\t\tstyle=\"margin-top: 20px;\"\n\t\t\t>\n\t\t\t\t<p>La notion de \u00ab space \u00bb est une nouveaut\u00e9 dans l\u2019univers BI SAP. Avec cette fonctionnalit\u00e9, SAP entend offrir plus de \u00ab libert\u00e9 \u00bb \u00e0 ses utilisateurs. Et qui dit \u00ab libert\u00e9 \u00bb, dit \u00ab multiplicit\u00e9 de sc\u00e9narios possibles \u00bb. Or, s\u2019agissant d\u2019une solution innovante (en comparaison \u00e0 BW), il aurait \u00e9t\u00e9 plus judicieux de...<\/p>\t\t\t<\/div>\n\t\t\t\t<\/div>\n<\/article>\n<article id=\"post-2193\" class=\"post-2193 post type-post status-publish format-standard has-post-thumbnail hentry category-blog post-with-thumbnail post-with-thumbnail-large\" style=\"margin: 0 0 30px;\">\n\t\t\t\t\t<div class=\"sow-entry-thumbnail\">\n\t\t\t\t\t\t\t\t\t\t<a href=\"https:\/\/d-dp.com\/index.php\/2024\/03\/13\/sap-datasphere-bw-bridge\/\">\n\t\t\t\t\t\t<img loading=\"lazy\" decoding=\"async\" width=\"720\" height=\"480\" src=\"https:\/\/d-dp.com\/wp-content\/uploads\/2024\/03\/SAP-Datasphere-BW-Bridge.jpg-2-720x480.png\" class=\"attachment-sow-blog-grid size-sow-blog-grid wp-post-image\" alt=\"\" srcset=\"https:\/\/d-dp.com\/wp-content\/uploads\/2024\/03\/SAP-Datasphere-BW-Bridge.jpg-2-720x480.png 720w, https:\/\/d-dp.com\/wp-content\/uploads\/2024\/03\/SAP-Datasphere-BW-Bridge.jpg-2-272x182.png 272w\" sizes=\"auto, (max-width: 720px) 100vw, 720px\" \/>\t\t\t\t\t<\/a>\n\t\t\t\t<\/div>\n\t\t\t\t\t\t\t<div class=\"sow-blog-content-wrapper\"\n\t\t style=\"padding: 25px 30px 33px;\">\n\t\t\t\t<header class=\"sow-entry-header\">\n\t\t\t<h2 class=\"sow-entry-title\" style=\"margin: 0 0 5px;\"><a href=\"https:\/\/d-dp.com\/index.php\/2024\/03\/13\/sap-datasphere-bw-bridge\/\" rel=\"bookmark\">SAP Datasphere &#8211; BW Bridge<\/a><\/h2>\t\t\t<div class=\"sow-entry-meta\">\n\t\t\t\t\t\t\t<span class=\"sow-entry-date\">\n\t\t\t\t<a href=\"https:\/\/d-dp.com\/index.php\/2024\/03\/13\/sap-datasphere-bw-bridge\/\" rel=\"bookmark\">\n\t\t\t\t\t<time class=\"published\" datetime=\"2024-03-13T11:13:05+01:00\">\n\t\t\t\t\t\t13\/03\/2024\t\t\t\t\t<\/time>\n\t\t\t\t\t<time class=\"updated\" datetime=\"2024-03-14T10:06:56+01:00\">\n\t\t\t\t\t\t14\/03\/2024\t\t\t\t\t<\/time>\n\t\t\t\t<\/a>\n\t\t\t<\/span>\n\t\t\n\t\t\t\t\t<span class=\"sow-entry-author-link byline\">\n\t\t\t\t\t\t\t\t\t<span class=\"sow-author author vcard\">\n\t\t\t\t\t\t<a class=\"url fn n\" href=\"https:\/\/d-dp.com\/index.php\/author\/tch\/\" rel=\"author\">\n\t\t\t\t\t\t\tTaoufik Chouqrati\t\t\t\t\t\t<\/a>\n\t\t\t\t\t<\/span>\n\t\t\t\t\t\t\t<\/span>\n\t\t\n\t\t<span class=\"sow-entry-categories\"><a href=\"https:\/\/d-dp.com\/index.php\/category\/blog\/\">Blog<\/a><\/span>\n\t\t\t\t\t<\/div>\n\t\t<\/header>\n\n\t\t\t\t\t<div\n\t\t\t\tclass=\"sow-entry-content\"\n\t\t\t\tstyle=\"margin-top: 20px;\"\n\t\t\t>\n\t\t\t\t<p>La strat\u00e9gie SAP en mati\u00e8re d\u2019entrep\u00f4t de donn\u00e9es \u00e0 des fins analytiques est bas\u00e9e sur le cloud. La solution mise \u00e0 disposition par SAP se nommait SAP DataWarehouseCloud (DWC) Tr\u00e8s original n\u2019est-ce pas\u00a0?\u00a0\ud83d\ude09(une petite mise \u00e0 jour, \u00e7a s\u2019appelle maintenant Datasphere!) A l\u2019heure actuelle, bien que tr\u00e8s bien fourni en termes de fonctionnalit\u00e9s, Datasphere ne...<a class=\"sow-more-link more-link excerpt\" href=\"https:\/\/d-dp.com\/index.php\/2024\/03\/13\/sap-datasphere-bw-bridge\/\">Continue reading<span class=\"sow-more-link-arrow\">&rarr;<\/span><\/a><\/p>\t\t\t<\/div>\n\t\t\t\t<\/div>\n<\/article>\n<article id=\"post-2137\" class=\"post-2137 post type-post status-publish format-standard has-post-thumbnail hentry category-blog post-with-thumbnail post-with-thumbnail-large\" style=\"margin: 0 0 30px;\">\n\t\t\t\t\t<div class=\"sow-entry-thumbnail\">\n\t\t\t\t\t\t\t\t\t\t<a href=\"https:\/\/d-dp.com\/index.php\/2024\/03\/07\/sap-datasphere-principales-caracteristiques\/\">\n\t\t\t\t\t\t<img loading=\"lazy\" decoding=\"async\" width=\"720\" height=\"480\" src=\"https:\/\/d-dp.com\/wp-content\/uploads\/2024\/03\/BLOG-SAP-DATASPHERE-Principales-caracteristiques-720x480.png\" class=\"attachment-sow-blog-grid size-sow-blog-grid wp-post-image\" alt=\"\" srcset=\"https:\/\/d-dp.com\/wp-content\/uploads\/2024\/03\/BLOG-SAP-DATASPHERE-Principales-caracteristiques-720x480.png 720w, https:\/\/d-dp.com\/wp-content\/uploads\/2024\/03\/BLOG-SAP-DATASPHERE-Principales-caracteristiques-300x200.png 300w, https:\/\/d-dp.com\/wp-content\/uploads\/2024\/03\/BLOG-SAP-DATASPHERE-Principales-caracteristiques-1024x683.png 1024w, https:\/\/d-dp.com\/wp-content\/uploads\/2024\/03\/BLOG-SAP-DATASPHERE-Principales-caracteristiques-768x512.png 768w, https:\/\/d-dp.com\/wp-content\/uploads\/2024\/03\/BLOG-SAP-DATASPHERE-Principales-caracteristiques-1536x1025.png 1536w, https:\/\/d-dp.com\/wp-content\/uploads\/2024\/03\/BLOG-SAP-DATASPHERE-Principales-caracteristiques-272x182.png 272w, https:\/\/d-dp.com\/wp-content\/uploads\/2024\/03\/BLOG-SAP-DATASPHERE-Principales-caracteristiques.png 1686w\" sizes=\"auto, (max-width: 720px) 100vw, 720px\" \/>\t\t\t\t\t<\/a>\n\t\t\t\t<\/div>\n\t\t\t\t\t\t\t<div class=\"sow-blog-content-wrapper\"\n\t\t style=\"padding: 25px 30px 33px;\">\n\t\t\t\t<header class=\"sow-entry-header\">\n\t\t\t<h2 class=\"sow-entry-title\" style=\"margin: 0 0 5px;\"><a href=\"https:\/\/d-dp.com\/index.php\/2024\/03\/07\/sap-datasphere-principales-caracteristiques\/\" rel=\"bookmark\">SAP Datasphere &#8211; Principales caract\u00e9ristiques<\/a><\/h2>\t\t\t<div class=\"sow-entry-meta\">\n\t\t\t\t\t\t\t<span class=\"sow-entry-date\">\n\t\t\t\t<a href=\"https:\/\/d-dp.com\/index.php\/2024\/03\/07\/sap-datasphere-principales-caracteristiques\/\" rel=\"bookmark\">\n\t\t\t\t\t<time class=\"published\" datetime=\"2024-03-07T13:24:42+01:00\">\n\t\t\t\t\t\t07\/03\/2024\t\t\t\t\t<\/time>\n\t\t\t\t\t<time class=\"updated\" datetime=\"2024-03-07T16:28:07+01:00\">\n\t\t\t\t\t\t07\/03\/2024\t\t\t\t\t<\/time>\n\t\t\t\t<\/a>\n\t\t\t<\/span>\n\t\t\n\t\t\t\t\t<span class=\"sow-entry-author-link byline\">\n\t\t\t\t\t\t\t\t\t<span class=\"sow-author author vcard\">\n\t\t\t\t\t\t<a class=\"url fn n\" href=\"https:\/\/d-dp.com\/index.php\/author\/tch\/\" rel=\"author\">\n\t\t\t\t\t\t\tTaoufik Chouqrati\t\t\t\t\t\t<\/a>\n\t\t\t\t\t<\/span>\n\t\t\t\t\t\t\t<\/span>\n\t\t\n\t\t<span class=\"sow-entry-categories\"><a href=\"https:\/\/d-dp.com\/index.php\/category\/blog\/\">Blog<\/a><\/span>\n\t\t\t\t\t<\/div>\n\t\t<\/header>\n\n\t\t\t\t\t<div\n\t\t\t\tclass=\"sow-entry-content\"\n\t\t\t\tstyle=\"margin-top: 20px;\"\n\t\t\t>\n\t\t\t\t<p>\u2190 Retour \u00e0 la page Blog SAP Datasphere (pr\u00e9c\u00e9demment Data Warehouse Cloud ou DWC) est une plate-forme d\u2019entreposage de donn\u00e9es bas\u00e9e sur le cloud qui permet aux utilisateurs IT et\/ou M\u00e9tier de cr\u00e9er, d\u00e9ployer et g\u00e9rer rapidement et facilement des entrep\u00f4ts de donn\u00e9es. Nous vous pr\u00e9sentons ici un aper\u00e7u des principales caract\u00e9ristiques. 1.Mod\u00e9lisation SAP Datasphere...<a class=\"sow-more-link more-link excerpt\" href=\"https:\/\/d-dp.com\/index.php\/2024\/03\/07\/sap-datasphere-principales-caracteristiques\/\">Continue reading<span class=\"sow-more-link-arrow\">&rarr;<\/span><\/a><\/p>\t\t\t<\/div>\n\t\t\t\t<\/div>\n<\/article>\n\t\t\t<\/div>\n\t\t\t\t\t\t<nav class=\"sow-post-navigation\">\n\t\t\t\t<h3 class=\"screen-reader-text\">Pagination<\/h3>\n\t\t\t\t<div class=\"sow-nav-links sow-post-pagination-links\">\n\t\t\t\t\t<a href=\"\/index.php\/wp-json\/wp\/v2\/pages\/1432?sow-39de765da510=0\" class=\"sow-previous\"><span>&larr;<\/span>Previous<\/a><a href=\"\/index.php\/wp-json\/wp\/v2\/pages\/1432?sow-39de765da510=2\" class=\"sow-next\">Next<span>&rarr;<\/span><\/a>\t\t\t\t<\/div>\n\t\t\t<\/nav>\n\t\t\t\t\t\t\t\t<\/div>\n\t<\/div><\/div><\/div><\/div><\/div>","protected":false},"excerpt":{"rendered":"<p>Concevoir des visualisations interactives avec Power BI 22\/08\/2025 23\/09\/2025 Edwin Molinier Blog Dans un monde o\u00f9 les donn\u00e9es sont au c\u0153ur de la prise de d\u00e9cision, visualiser et interagir avec ces donn\u00e9es de mani\u00e8re intuitive est devenu essentiel. Power BI, avec ses fonctionnalit\u00e9s natives, permet de cr\u00e9er des visuels interactifs sans d\u00e9pendre d&rsquo;extensions. Que ce&#8230;<\/p>\n","protected":false},"author":2,"featured_media":0,"parent":0,"menu_order":0,"comment_status":"closed","ping_status":"closed","template":"","meta":{"footnotes":""},"class_list":["post-1432","page","type-page","status-publish","hentry","post"],"_links":{"self":[{"href":"https:\/\/d-dp.com\/index.php\/wp-json\/wp\/v2\/pages\/1432","targetHints":{"allow":["GET"]}}],"collection":[{"href":"https:\/\/d-dp.com\/index.php\/wp-json\/wp\/v2\/pages"}],"about":[{"href":"https:\/\/d-dp.com\/index.php\/wp-json\/wp\/v2\/types\/page"}],"author":[{"embeddable":true,"href":"https:\/\/d-dp.com\/index.php\/wp-json\/wp\/v2\/users\/2"}],"replies":[{"embeddable":true,"href":"https:\/\/d-dp.com\/index.php\/wp-json\/wp\/v2\/comments?post=1432"}],"version-history":[{"count":20,"href":"https:\/\/d-dp.com\/index.php\/wp-json\/wp\/v2\/pages\/1432\/revisions"}],"predecessor-version":[{"id":2885,"href":"https:\/\/d-dp.com\/index.php\/wp-json\/wp\/v2\/pages\/1432\/revisions\/2885"}],"wp:attachment":[{"href":"https:\/\/d-dp.com\/index.php\/wp-json\/wp\/v2\/media?parent=1432"}],"curies":[{"name":"wp","href":"https:\/\/api.w.org\/{rel}","templated":true}]}}