{"id":1451,"date":"2024-02-22T15:50:24","date_gmt":"2024-02-22T14:50:24","guid":{"rendered":"https:\/\/d-dp.com\/?page_id=1451"},"modified":"2024-02-23T10:42:00","modified_gmt":"2024-02-23T09:42:00","slug":"a-propos","status":"publish","type":"page","link":"https:\/\/d-dp.com\/index.php\/a-propos\/","title":{"rendered":"A propos"},"content":{"rendered":"<div id=\"pl-1451\"  class=\"panel-layout\" ><div id=\"pg-1451-0\"  class=\"panel-grid panel-no-style\" ><div id=\"pgc-1451-0-0\"  class=\"panel-grid-cell\" ><div id=\"panel-1451-0-0-0\" class=\"so-panel widget widget_text panel-first-child panel-last-child\" data-index=\"0\" >\t\t\t<div class=\"textwidget\"><p>Cr\u00e9\u00e9 en 2018 par des sp\u00e9cialistes de la gestion de la performance et des technologies SAP, Digital Data Performance (DDP) est un cabinet de conseil expert dans la valorisation de la donn\u00e9e qui allie conseil en management et savoir-faire technologique.<\/p>\n<p>Nos offres de conseil et int\u00e9gration data s\u2019articulent autour de la modernisation des syst\u00e8mes d\u00e9cisionnels, du data management et de l&rsquo;Enterprise Performance Management.<\/p>\n<p>En 2023, fort de son exp\u00e9rience dans la construction des outils de pilotage pour les directions m\u00e9tiers et de sa connaissance des environnements SAP, DDP a cr\u00e9\u00e9 de nouvelles lignes de services pour proposer \u00e0 ses clients une offre plus compl\u00e8te sous la marque <em><strong>MAJOR SYS<\/strong><\/em>.<\/p>\n<\/div>\n\t\t<\/div><\/div><div id=\"pgc-1451-0-1\"  class=\"panel-grid-cell\" ><div id=\"panel-1451-0-1-0\" class=\"so-panel widget widget_media_image panel-first-child panel-last-child\" data-index=\"1\" ><img loading=\"lazy\" decoding=\"async\" width=\"300\" height=\"298\" src=\"https:\/\/d-dp.com\/wp-content\/uploads\/2024\/02\/carte-agence-ddp-blanche-300x298.png\" class=\"image wp-image-1573  attachment-medium size-medium\" alt=\"\" style=\"max-width: 100%; height: auto;\" srcset=\"https:\/\/d-dp.com\/wp-content\/uploads\/2024\/02\/carte-agence-ddp-blanche-300x298.png 300w, https:\/\/d-dp.com\/wp-content\/uploads\/2024\/02\/carte-agence-ddp-blanche-150x150.png 150w, https:\/\/d-dp.com\/wp-content\/uploads\/2024\/02\/carte-agence-ddp-blanche.png 409w\" sizes=\"auto, (max-width: 300px) 100vw, 300px\" \/><\/div><\/div><\/div><\/div>","protected":false},"excerpt":{"rendered":"<p>Cr\u00e9\u00e9 en 2018 par des sp\u00e9cialistes de la gestion de la performance et des technologies SAP, Digital Data Performance (DDP) est un cabinet de conseil expert dans la valorisation de la donn\u00e9e qui allie conseil en management et savoir-faire technologique. Nos offres de conseil et int\u00e9gration data s\u2019articulent autour de la modernisation des syst\u00e8mes d\u00e9cisionnels, [&hellip;]<\/p>\n","protected":false},"author":2,"featured_media":0,"parent":0,"menu_order":0,"comment_status":"closed","ping_status":"closed","template":"","meta":{"footnotes":""},"class_list":["post-1451","page","type-page","status-publish","hentry","post"],"_links":{"self":[{"href":"https:\/\/d-dp.com\/index.php\/wp-json\/wp\/v2\/pages\/1451","targetHints":{"allow":["GET"]}}],"collection":[{"href":"https:\/\/d-dp.com\/index.php\/wp-json\/wp\/v2\/pages"}],"about":[{"href":"https:\/\/d-dp.com\/index.php\/wp-json\/wp\/v2\/types\/page"}],"author":[{"embeddable":true,"href":"https:\/\/d-dp.com\/index.php\/wp-json\/wp\/v2\/users\/2"}],"replies":[{"embeddable":true,"href":"https:\/\/d-dp.com\/index.php\/wp-json\/wp\/v2\/comments?post=1451"}],"version-history":[{"count":11,"href":"https:\/\/d-dp.com\/index.php\/wp-json\/wp\/v2\/pages\/1451\/revisions"}],"predecessor-version":[{"id":1484,"href":"https:\/\/d-dp.com\/index.php\/wp-json\/wp\/v2\/pages\/1451\/revisions\/1484"}],"wp:attachment":[{"href":"https:\/\/d-dp.com\/index.php\/wp-json\/wp\/v2\/media?parent=1451"}],"curies":[{"name":"wp","href":"https:\/\/api.w.org\/{rel}","templated":true}]}}