{"id":154,"date":"2018-06-14T14:37:07","date_gmt":"2018-06-14T12:37:07","guid":{"rendered":"http:\/\/d-dp.com\/index.php\/home\/"},"modified":"2025-10-27T14:38:36","modified_gmt":"2025-10-27T13:38:36","slug":"home","status":"publish","type":"page","link":"https:\/\/d-dp.com\/","title":{"rendered":"Accueil"},"content":{"rendered":"<div id=\"pl-gb154-69f9c70215a41\"  class=\"panel-layout wp-block-siteorigin-panels-layout-block panel-layout\" ><div id=\"pg-gb154-69f9c70215a41-0\"  class=\"panel-grid panel-has-style\" ><div class=\"wide-grey siteorigin-panels-stretch panel-row-style panel-row-style-for-gb154-69f9c70215a41-0\" data-stretch-type=\"full-width-stretch\" ><div id=\"pgc-gb154-69f9c70215a41-0-0\"  class=\"panel-grid-cell\" ><div id=\"panel-gb154-69f9c70215a41-0-0-0\" class=\"so-panel widget widget_sow-hero panel-first-child panel-last-child\" data-index=\"0\" ><div\n\t\t\t\n\t\t\tclass=\"so-widget-sow-hero so-widget-sow-hero-default-fbb272eddf5c-154 so-widget-fittext-wrapper\"\n\t\t\t data-fit-text-compressor=\"1.25\"\n\t\t>\t\t\t\t<div class=\"sow-slider-base\" style=\"display: none\" tabindex=\"0\">\n\t\t\t\t\t<ul\n\t\t\t\t\tclass=\"sow-slider-images\"\n\t\t\t\t\tdata-settings=\"{&quot;pagination&quot;:true,&quot;speed&quot;:2000,&quot;timeout&quot;:2000,&quot;paused&quot;:false,&quot;pause_on_hover&quot;:false,&quot;swipe&quot;:true,&quot;nav_always_show_desktop&quot;:&quot;&quot;,&quot;nav_always_show_mobile&quot;:&quot;&quot;,&quot;breakpoint&quot;:&quot;780px&quot;,&quot;unmute&quot;:false,&quot;anchor&quot;:null}\"\n\t\t\t\t\tstyle=\"min-height: 720px\"\t\t\t\t\tdata-anchor-id=\"\"\n\t\t\t\t>\t\t<li class=\"sow-slider-image  sow-slider-image-cover\" style=\"visibility: visible;;background-color: #092d75\" >\n\t\t\t\t\t<div class=\"sow-slider-image-container\">\n\t\t\t<div class=\"sow-slider-image-wrapper\">\n\t\t\t\t<h1 style=\"text-align: center\">SAP ERP<\/h1>\n<p style=\"text-align: center\">Des experts pour vous accompagner sur vos projets Finance, Supply-Chain &amp; Manufacturing<\/p>\n<div class=\"sow-hero-buttons\" style=\"text-align: center\"><div\n\t\t\t\n\t\t\tclass=\"so-widget-sow-button so-widget-sow-button-flat-fab32fefd926\"\n\t\t\t\n\t\t><div class=\"ow-button-base ow-button-align-center\"\n>\n\t\t\t<a\n\t\t\t\t\thref=\"https:\/\/d-dp.com\/#Notre-Expertise-Process-integration\"\n\t\t\t\t\tclass=\"sowb-button ow-icon-placement-bottom ow-button-hover\" download=\"\" \t>\n\t\t<span>\n\t\t\t<span class=\"sow-icon-fontawesome sow-far\" data-sow-icon=\"&#xf358;\"\n\t\tstyle=\"color: #ffffff\" \n\t\taria-hidden=\"true\"><\/span>\n\t\t\t\t\t<\/span>\n\t\t\t<\/a>\n\t<\/div>\n<\/div><\/div>\n\t\t\t<\/div>\n\t\t<\/div>\n\t\t<div class=\"sow-slider-image-overlay sow-slider-image-cover\" style=\"opacity: 0.35;background-image: url(https:\/\/d-dp.com\/wp-content\/uploads\/2024\/03\/pexels-skitterphoto-735795-scaled.jpg)\"  ><\/div>\t\t<\/li>\n\t\t\t\t<li class=\"sow-slider-image  sow-slider-image-cover\" style=\"visibility: hidden;;background-color: #c97124\" >\n\t\t\t\t\t<div class=\"sow-slider-image-container\">\n\t\t\t<div class=\"sow-slider-image-wrapper\">\n\t\t\t\t<h1 style=\"text-align: center\">BI &amp; DATA<\/h1>\n<p style=\"text-align: center\">Syst\u00e8me de pilotage &amp; Gestion de la performance<\/p>\n<p style=\"text-align: center\">en environnement SAP et non SAP<\/p>\n<div class=\"sow-hero-buttons\" style=\"text-align: center\"><div\n\t\t\t\n\t\t\tclass=\"so-widget-sow-button so-widget-sow-button-flat-784a2396d088\"\n\t\t\t\n\t\t><div class=\"ow-button-base ow-button-align-center\"\n>\n\t\t\t<a\n\t\t\t\t\thref=\"https:\/\/d-dp.com\/#Notre-offre-de-service\"\n\t\t\t\t\tclass=\"sowb-button ow-icon-placement-bottom ow-button-hover\" \t>\n\t\t<span>\n\t\t\t<span class=\"sow-icon-fontawesome sow-far\" data-sow-icon=\"&#xf358;\"\n\t\tstyle=\"color: #ffffff\" \n\t\taria-hidden=\"true\"><\/span>\n\t\t\t\t\t<\/span>\n\t\t\t<\/a>\n\t<\/div>\n<\/div><\/div>\n\t\t\t<\/div>\n\t\t<\/div>\n\t\t<div class=\"sow-slider-image-overlay sow-slider-image-cover\" style=\"opacity: 0.5\" data-background=\"url(https:\/\/d-dp.com\/wp-content\/uploads\/2018\/06\/ball-63527_1920.jpg)\"  ><\/div>\t\t<\/li>\n\t\t<\/ul>\t\t\t\t<ol class=\"sow-slider-pagination\">\n\t\t\t\t\t\t\t\t\t\t\t<li><a href=\"#\" data-goto=\"0\" aria-label=\"Display slide 1\"><\/a><\/li>\n\t\t\t\t\t\t\t\t\t\t\t<li><a href=\"#\" data-goto=\"1\" aria-label=\"Display slide 2\"><\/a><\/li>\n\t\t\t\t\t\t\t\t\t<\/ol>\n\n\t\t\t\t<div class=\"sow-slide-nav sow-slide-nav-next\">\n\t\t\t\t\t<a href=\"#\" data-goto=\"next\" aria-label=\"Next slide\" data-action=\"next\">\n\t\t\t\t\t\t<em class=\"sow-sld-icon-thin-right\"><\/em>\n\t\t\t\t\t<\/a>\n\t\t\t\t<\/div>\n\n\t\t\t\t<div class=\"sow-slide-nav sow-slide-nav-prev\">\n\t\t\t\t\t<a href=\"#\" data-goto=\"previous\" aria-label=\"Previous slide\" data-action=\"prev\">\n\t\t\t\t\t\t<em class=\"sow-sld-icon-thin-left\"><\/em>\n\t\t\t\t\t<\/a>\n\t\t\t\t<\/div>\n\t\t\t\t<\/div><\/div><\/div><\/div><\/div><\/div><div id=\"pg-gb154-69f9c70215a41-1\"  class=\"panel-grid panel-has-style\" ><div class=\"wide-grey siteorigin-panels-stretch panel-row-style panel-row-style-for-gb154-69f9c70215a41-1\" data-stretch-type=\"full-width-stretch\" ><div id=\"pgc-gb154-69f9c70215a41-1-0\"  class=\"panel-grid-cell\" ><div id=\"panel-gb154-69f9c70215a41-1-0-0\" class=\"so-panel widget widget_headline-widget panel-first-child panel-last-child\" data-index=\"1\" ><div id=\"Notre-Expertise-Data\" class=\"panel-widget-style panel-widget-style-for-gb154-69f9c70215a41-1-0-0\" >\t\t<h1>Notre Expertise Data<\/h1>\n\t\t<div class=\"decoration\"><div class=\"decoration-inside\"><\/div><\/div>\n\t\t<h3>Le partenaire expert de la valorisation des donn\u00e9es<\/h3>\n\t\t<\/div><\/div><\/div><\/div><\/div><div id=\"pg-gb154-69f9c70215a41-2\"  class=\"panel-grid panel-no-style\" ><div id=\"pgc-gb154-69f9c70215a41-2-0\"  class=\"panel-grid-cell\" ><div id=\"panel-gb154-69f9c70215a41-2-0-0\" class=\"so-panel widget widget_sow-features panel-first-child panel-last-child\" data-index=\"2\" ><div\n\t\t\t\n\t\t\tclass=\"so-widget-sow-features so-widget-sow-features-default-0e0f8d436f18-154\"\n\t\t\t\n\t\t><ul\n\tclass=\"sow-features-list\n\tsow-features-responsive\">\n\n\t\t\t<li\n\t\t\tclass=\"sow-features-feature sow-icon-container-position-top\"\n\t\t\tstyle=\"display: flex; flex-direction: column; width: calc(33.333% - 25px);\"\n\t\t>\n\t\t\t\n\t\t\t\t\t\t<div\t\t\t\tclass=\"sow-icon-container sow-container-round\"\n\t\t\t\tstyle=\"color: #404040; \"\n\t\t\t\ttitle=\"Modernisation BI\"\n\t\t\t\t\t\t\t>\n\t\t\t\t<span class=\"sow-icon-fontawesome sow-fas\" data-sow-icon=\"&#xf197;\"\n\t\tstyle=\"font-size: 24px; color: #dd9933\" \n\t\taria-hidden=\"true\"><\/span>\t\t\t<\/div>\n\n\t\t\t<div class=\"textwidget\">\n\t\t\t\t\n\t\t\t\t\t\t\t\t\t<h5 class=\"sow-features-feature-title\">\n\t\t\t\t\t\tModernisation BI\t\t\t\t\t<\/h5>\n\t\t\t\t\n\t\t\t\t\t\t\t\t\t<div class=\"sow-features-feature-text\">\n\t\t\t\t\t<p style=\"text-align: left\">La multiplication des sources de donn\u00e9es externes, des supports et des formats num\u00e9riques, l\u2019explosion de la volum\u00e9trie vous obligent \u00e0 repenser la mani\u00e8re de g\u00e9rer vos donn\u00e9es.<\/p>\n<p style=\"text-align: left\">Fond\u00e9 par des experts de la Business Intelligence issus des grands cabinets de conseil et disposant chacun de plus de 20 ann\u00e9es d\u2019exp\u00e9rience, DDP vous accompagne dans la modernisation de vos syst\u00e8mes d\u00e9cisionnels.<\/p>\n<ul>\n<li style=\"text-align: left\">BI Self Service,<\/li>\n<li style=\"text-align: left\">Cloud analytics,<\/li>\n<li style=\"text-align: left\">DataViz,<\/li>\n<li style=\"text-align: left\">Data captation,<\/li>\n<li style=\"text-align: left\">Data cleaning.<\/li>\n<\/ul>\n\t\t\t\t\t<\/div>\n\t\t\t\t\t\t\t\t<\/div>\n\t\t\t\t\t\t\t\t<\/li>\n\n\t\t\t<li\n\t\t\tclass=\"sow-features-feature sow-icon-container-position-top\"\n\t\t\tstyle=\"display: flex; flex-direction: column; width: calc(33.333% - 25px);\"\n\t\t>\n\t\t\t\n\t\t\t\t\t\t<div\t\t\t\tclass=\"sow-icon-container sow-container-round\"\n\t\t\t\tstyle=\"color: #404040; \"\n\t\t\t\ttitle=\"EPM\"\n\t\t\t\t\t\t\t>\n\t\t\t\t<span class=\"sow-icon-fontawesome sow-fas\" data-sow-icon=\"&#xf153;\"\n\t\tstyle=\"font-size: 24px; color: #249ee5\" \n\t\taria-hidden=\"true\"><\/span>\t\t\t<\/div>\n\n\t\t\t<div class=\"textwidget\">\n\t\t\t\t\n\t\t\t\t\t\t\t\t\t<h5 class=\"sow-features-feature-title\">\n\t\t\t\t\t\tEPM\t\t\t\t\t<\/h5>\n\t\t\t\t\n\t\t\t\t\t\t\t\t\t<div class=\"sow-features-feature-text\">\n\t\t\t\t\t<p style=\"text-align: left\">Faire le lien entre vos pr\u00e9visions budg\u00e9taires et vos r\u00e9sultats, construire les KPIs qui vous aideront \u00e0 am\u00e9liorer vos forecasts en d\u00e9clenchant le bon plan d\u2019action, r\u00e9duire le cycle budg\u00e9taire, vous aider \u00e0 s\u00e9lectionner le bon outil de planification : telle est la mission que se sont fix\u00e9s nos experts de l\u2019Enterprise Performance Management.<\/p>\n\t\t\t\t\t<\/div>\n\t\t\t\t\t\t\t\t<\/div>\n\t\t\t\t\t\t\t\t<\/li>\n\n\t\t\t<li\n\t\t\tclass=\"sow-features-feature sow-icon-container-position-top\"\n\t\t\tstyle=\"display: flex; flex-direction: column; width: calc(33.333% - 25px);\"\n\t\t>\n\t\t\t\n\t\t\t\t\t\t<div\t\t\t\tclass=\"sow-icon-container sow-container-round\"\n\t\t\t\tstyle=\"color: #404040; \"\n\t\t\t\ttitle=\"La BI dans un monde SAP \"\n\t\t\t\t\t\t\t>\n\t\t\t\t<span class=\"sow-icon-fontawesome sow-fas\" data-sow-icon=\"&#xf200;\"\n\t\tstyle=\"font-size: 24px; color: #dd9933\" \n\t\taria-hidden=\"true\"><\/span>\t\t\t<\/div>\n\n\t\t\t<div class=\"textwidget\">\n\t\t\t\t\n\t\t\t\t\t\t\t\t\t<h5 class=\"sow-features-feature-title\">\n\t\t\t\t\t\tLa BI dans un monde SAP \t\t\t\t\t<\/h5>\n\t\t\t\t\n\t\t\t\t\t\t\t\t\t<div class=\"sow-features-feature-text\">\n\t\t\t\t\t<p style=\"text-align: left\">En tant qu\u2019experts, nous participons aux sessions de mise \u00e0 niveau de SAP France sur toutes les offres Analytics (Cloud For Analytics, BW\/4HANA, SAP Data Hub, Datasphere, etc.). Gr\u00e2ce \u00e0 notre connaissance de l\u2019\u00e9cosyst\u00e8me SAP, nous vous proposons les meilleures solutions \u00e0 mettre en \u0153uvre dans votre environnement SAP. Nos \u00e9quipes sont \u00e9galement reconnues pour leur expertise dans l\u2019int\u00e9gration de solutions non SAP avec les syst\u00e8mes d\u2019information SAP.<\/p>\n\t\t\t\t\t<\/div>\n\t\t\t\t\t\t\t\t<\/div>\n\t\t\t\t\t\t\t\t<\/li>\n\n\t<\/ul>\n<\/div><\/div><\/div><\/div><div id=\"pg-gb154-69f9c70215a41-3\"  class=\"panel-grid panel-no-style\" ><div id=\"pgc-gb154-69f9c70215a41-3-0\"  class=\"panel-grid-cell\" ><div class=\"Notre-Expertise-Process--integration panel-cell-style panel-cell-style-for-gb154-69f9c70215a41-3-0\" ><div id=\"panel-gb154-69f9c70215a41-3-0-0\" class=\"so-panel widget widget_headline-widget panel-first-child panel-last-child\" data-index=\"3\" ><div class=\"wide-grey panel-widget-style panel-widget-style-for-gb154-69f9c70215a41-3-0-0\" id=\"Notre-Expertise-Process-integration\" >\t\t<h1>Notre Expertise Process &amp; integration<\/h1>\n\t\t<div class=\"decoration\"><div class=\"decoration-inside\"><\/div><\/div>\n\t\t<h3>Le sp\u00e9cialiste de la digitalisation et de l\u2019automatisation des processus <\/h3>\n\t\t<\/div><\/div><\/div><\/div><\/div><div id=\"pg-gb154-69f9c70215a41-4\"  class=\"panel-grid panel-no-style\" ><div id=\"pgc-gb154-69f9c70215a41-4-0\"  class=\"panel-grid-cell\" ><div id=\"panel-gb154-69f9c70215a41-4-0-0\" class=\"so-panel widget widget_sow-features panel-first-child panel-last-child\" data-index=\"4\" ><div\n\t\t\t\n\t\t\tclass=\"so-widget-sow-features so-widget-sow-features-default-e271a18c020f-154\"\n\t\t\t\n\t\t><ul\n\tclass=\"sow-features-list\n\tsow-features-responsive\">\n\n\t\t\t<li\n\t\t\tclass=\"sow-features-feature sow-icon-container-position-top\"\n\t\t\tstyle=\"display: flex; flex-direction: column; width: calc(50% - 25px);\"\n\t\t>\n\t\t\t\n\t\t\t\t\t\t<div\t\t\t\tclass=\"sow-icon-container sow-container-round\"\n\t\t\t\tstyle=\"color: #404040; \"\n\t\t\t\ttitle=\"SAP ERP \"\n\t\t\t\t\t\t\t>\n\t\t\t\t<span class=\"sow-icon-fontawesome sow-fas\" data-sow-icon=\"&#xf275;\"\n\t\tstyle=\"font-size: 24px; color: #249ee5\" \n\t\taria-hidden=\"true\"><\/span>\t\t\t<\/div>\n\n\t\t\t<div class=\"textwidget\">\n\t\t\t\t\n\t\t\t\t\t\t\t\t\t<h5 class=\"sow-features-feature-title\">\n\t\t\t\t\t\tSAP ERP\t\t\t\t\t<\/h5>\n\t\t\t\t\n\t\t\t\t\t\t\t\t\t<div class=\"sow-features-feature-text\">\n\t\t\t\t\t<p style=\"text-align: left\">Dans un march\u00e9 satur\u00e9 o\u00f9 les grands int\u00e9grateurs sont souvent les seuls \u00e0 pouvoir prendre en charge des grands projets de transformation digital \u00e0 dimension internationale, les v\u00e9ritables comp\u00e9tences ERP sont de plus en plus rares. Nous proposons uniquement des profils seniors ayant la double comp\u00e9tence fonctionnelle et technique sachant et dialoguer avec vos donneurs d\u2019ordre.<\/p>\n<p style=\"text-align: left\">Nous intervenons principalement pour les domaines m\u00e9tiers suivants :<\/p>\n<ul>\n<li style=\"text-align: left\">Finance<\/li>\n<li style=\"text-align: left\">Manufacturing<\/li>\n<li style=\"text-align: left\">Supply chain &amp; logistique<\/li>\n<\/ul>\n\t\t\t\t\t<\/div>\n\t\t\t\t\t\t\t\t<\/div>\n\t\t\t\t\t\t\t\t<\/li>\n\n\t\t\t<li\n\t\t\tclass=\"sow-features-feature sow-icon-container-position-top\"\n\t\t\tstyle=\"display: flex; flex-direction: column; width: calc(50% - 25px);\"\n\t\t>\n\t\t\t\n\t\t\t\t\t\t<div\t\t\t\tclass=\"sow-icon-container sow-container-round\"\n\t\t\t\tstyle=\"color: #404040; \"\n\t\t\t\ttitle=\"Digital \u2013 ETL &amp; Dev\"\n\t\t\t\t\t\t\t>\n\t\t\t\t<span class=\"sow-icon-fontawesome sow-fab\" data-sow-icon=\"&#xf3e2;\"\n\t\tstyle=\"font-size: 24px; color: #249ee5\" \n\t\taria-hidden=\"true\"><\/span>\t\t\t<\/div>\n\n\t\t\t<div class=\"textwidget\">\n\t\t\t\t\n\t\t\t\t\t\t\t\t\t<h5 class=\"sow-features-feature-title\">\n\t\t\t\t\t\tDigital \u2013 ETL &amp; Dev\t\t\t\t\t<\/h5>\n\t\t\t\t\n\t\t\t\t\t\t\t\t\t<div class=\"sow-features-feature-text\">\n\t\t\t\t\t<p style=\"text-align: left\">Notre centre de d\u00e9veloppement bas\u00e9 \u00e0 Clermont-Ferrand prendra en charge vos besoins sp\u00e9cifiques :<\/p>\n<ul>\n<li style=\"text-align: left\">Application web &amp; responsive<\/li>\n<li style=\"text-align: left\">front et back-end<\/li>\n<li style=\"text-align: left\">Architecture technique<\/li>\n<li style=\"text-align: left\">Algorithme sp\u00e9cifique<\/li>\n<li style=\"text-align: left\">ETL<\/li>\n<\/ul>\n\t\t\t\t\t<\/div>\n\t\t\t\t\t\t\t\t<\/div>\n\t\t\t\t\t\t\t\t<\/li>\n\n\t<\/ul>\n<\/div><\/div><\/div><\/div><div id=\"pg-gb154-69f9c70215a41-5\"  class=\"panel-grid panel-has-style\" ><div class=\"wide-grey panel-row-style panel-row-style-for-gb154-69f9c70215a41-5\" ><div id=\"pgc-gb154-69f9c70215a41-5-0\"  class=\"panel-grid-cell\" ><div id=\"panel-gb154-69f9c70215a41-5-0-0\" class=\"so-panel widget widget_headline-widget panel-first-child panel-last-child\" data-index=\"5\" ><div id=\"Notre-offre-de-service\" class=\"panel-widget-style panel-widget-style-for-gb154-69f9c70215a41-5-0-0\" >\t\t<h1>Notre offre de service<\/h1>\n\t\t<div class=\"decoration\"><div class=\"decoration-inside\"><\/div><\/div>\n\t\t<h3>Nous intervenons en mode projet ou en d\u00e9l\u00e9gation de ressources, de l&rsquo;expression de besoin \u00e0 la mise en production Notre force : \u00eatre les interpr\u00e8tes entre les m\u00e9tiers et les \u00e9quipes techniques<\/h3>\n\t\t<\/div><\/div><\/div><\/div><\/div><div id=\"pg-gb154-69f9c70215a41-6\"  class=\"panel-grid panel-no-style\" ><div id=\"pgc-gb154-69f9c70215a41-6-0\"  class=\"panel-grid-cell\" ><div id=\"panel-gb154-69f9c70215a41-6-0-0\" class=\"so-panel widget widget_sow-features panel-first-child panel-last-child\" data-index=\"6\" ><div\n\t\t\t\n\t\t\tclass=\"so-widget-sow-features so-widget-sow-features-default-62eb509de392-154\"\n\t\t\t\n\t\t><ul\n\tclass=\"sow-features-list\n\tsow-features-responsive\">\n\n\t\t\t<li\n\t\t\tclass=\"sow-features-feature sow-icon-container-position-top\"\n\t\t\tstyle=\"display: flex; flex-direction: column; width: calc(50% - 25px);\"\n\t\t>\n\t\t\t\n\t\t\t\t\t\t<div\t\t\t\tclass=\"sow-icon-container sow-container-round\"\n\t\t\t\tstyle=\"color: #404040; \"\n\t\t\t\ttitle=\"Conseil Architecture\"\n\t\t\t\t\t\t\t>\n\t\t\t\t<span class=\"sow-icon-fontawesome sow-fas\" data-sow-icon=\"&#xf501;\"\n\t\tstyle=\"font-size: 24px; color: #dd9933\" \n\t\taria-hidden=\"true\"><\/span>\t\t\t<\/div>\n\n\t\t\t<div class=\"textwidget\">\n\t\t\t\t\n\t\t\t\t\t\t\t\t\t<h5 class=\"sow-features-feature-title\">\n\t\t\t\t\t\tConseil &amp; Architecture\t\t\t\t\t<\/h5>\n\t\t\t\t\n\t\t\t\t\t\t\t\t\t<div class=\"sow-features-feature-text\">\n\t\t\t\t\t<ul>\n<li style=\"text-align: left\">Strat\u00e9gie Data &#8211; \u00c9tudes de cadrage et d\u2019opportunit\u00e9<\/li>\n<li style=\"text-align: left\">Sch\u00e9ma directeur &amp; Urbanisation des SI \u2013 impact organisationnel<\/li>\n<li style=\"text-align: left\">Choix technologiques &amp; Architectures<\/li>\n<\/ul>\n\t\t\t\t\t<\/div>\n\t\t\t\t\t\t\t\t<\/div>\n\t\t\t\t\t\t\t\t<\/li>\n\n\t\t\t<li\n\t\t\tclass=\"sow-features-feature sow-icon-container-position-top\"\n\t\t\tstyle=\"display: flex; flex-direction: column; width: calc(50% - 25px);\"\n\t\t>\n\t\t\t\n\t\t\t\t\t\t<div\t\t\t\tclass=\"sow-icon-container sow-container-round\"\n\t\t\t\tstyle=\"color: #404040; \"\n\t\t\t\ttitle=\"Pilotage &amp; Int\u00e9gration\"\n\t\t\t\t\t\t\t>\n\t\t\t\t<span class=\"sow-icon-fontawesome sow-fas\" data-sow-icon=\"&#xf0ad;\"\n\t\tstyle=\"font-size: 24px; color: #249ee5\" \n\t\taria-hidden=\"true\"><\/span>\t\t\t<\/div>\n\n\t\t\t<div class=\"textwidget\">\n\t\t\t\t\n\t\t\t\t\t\t\t\t\t<h5 class=\"sow-features-feature-title\">\n\t\t\t\t\t\tPilotage &amp; Int\u00e9gration\t\t\t\t\t<\/h5>\n\t\t\t\t\n\t\t\t\t\t\t\t\t\t<div class=\"sow-features-feature-text\">\n\t\t\t\t\t<ul>\n<li style=\"text-align: left\">Cadrage g\u00e9n\u00e9ral et expression de besoin, Assistance Ma\u00eetrise d\u2019Ouvrage<\/li>\n<li style=\"text-align: left\">Ma\u00eetrise d\u2019\u0153uvre &amp; Expertise technique<\/li>\n<li style=\"text-align: left\">Conduite du changement, assistance recette, plan de mise en production et post production<\/li>\n<\/ul>\n\t\t\t\t\t<\/div>\n\t\t\t\t\t\t\t\t<\/div>\n\t\t\t\t\t\t\t\t<\/li>\n\n\t<\/ul>\n<\/div><\/div><\/div><\/div><div id=\"pg-gb154-69f9c70215a41-7\"  class=\"panel-grid panel-no-style\" ><div id=\"pgc-gb154-69f9c70215a41-7-0\"  class=\"panel-grid-cell\" ><div id=\"panel-gb154-69f9c70215a41-7-0-0\" class=\"so-panel widget widget_siteorigin-panels-postloop panel-first-child panel-last-child\" data-index=\"7\" ><h3 class=\"widget-title\"><span class=\"vantage-carousel-title\"><span class=\"vantage-carousel-title-text\">Latest Posts<\/span><a href=\"#\" class=\"next\" title=\"Next\"><span class=\"vantage-icon-arrow-right\"><\/span><\/a><a href=\"#\" class=\"previous\" title=\"Previous\"><span class=\"vantage-icon-arrow-left\"><\/span><\/a><\/span><\/h3><div class=\"vantage-carousel-wrapper\">\n\t\n\t<ul\n\t\tclass=\"vantage-carousel\"\n\t\tdata-query=\"{&quot;post_status&quot;:&quot;publish&quot;,&quot;posts_per_page&quot;:4,&quot;post_type&quot;:&quot;post&quot;,&quot;tax_query_relation&quot;:&quot;OR&quot;,&quot;date_type&quot;:&quot;specific&quot;,&quot;date_query&quot;:{&quot;after&quot;:&quot;&quot;,&quot;before&quot;:&quot;&quot;,&quot;inclusive&quot;:true},&quot;date_query_relative&quot;:&quot;{\\&quot;from\\&quot;:{\\&quot;value\\&quot;:0,\\&quot;unit\\&quot;:\\&quot;days\\&quot;},\\&quot;to\\&quot;:{\\&quot;value\\&quot;:0,\\&quot;unit\\&quot;:\\&quot;days\\&quot;}}&quot;,&quot;orderby&quot;:&quot;date&quot;,&quot;order&quot;:&quot;DESC&quot;,&quot;post__not_in&quot;:[154,&quot;gb154-69f9c70215a41&quot;],&quot;paged&quot;:1,&quot;fields&quot;:&quot;all&quot;,&quot;lazy_load_term_meta&quot;:true}\"\n\t\tdata-ajax-url=\"https:\/\/d-dp.com\/wp-admin\/admin-ajax.php?vantage_carousel_nonce=5469597614\"\n\t>\n\t\t\t\t\t<li class=\"carousel-entry\">\n\t\t\t\t<div class=\"thumbnail\">\n\t\t\t\t\t\t\t\t\t\t\t<a href=\"https:\/\/d-dp.com\/index.php\/2025\/08\/22\/concevoir-des-visualisations-interactives-avec-power-bi\/\" style=\"background-image: url(https:\/\/d-dp.com\/wp-content\/uploads\/2025\/08\/Nouveau-projet-1-272x182.png)\">\n\t\t\t\t\t\t<\/a>\n\t\t\t\t\t\t\t\t\t<\/div>\n\t\t\t\t\t\t\t\t<h3><a href=\"https:\/\/d-dp.com\/index.php\/2025\/08\/22\/concevoir-des-visualisations-interactives-avec-power-bi\/\">Concevoir des visualisations interactives avec Power BI<\/a><\/h3>\n\t\t\t<\/li>\n\t\t\t\t\t<li class=\"carousel-entry\">\n\t\t\t\t<div class=\"thumbnail\">\n\t\t\t\t\t\t\t\t\t\t\t<a href=\"https:\/\/d-dp.com\/index.php\/2025\/08\/22\/power-bi-transformer-vos-donnees-en-decisions-strategiques\/\" style=\"background-image: url(https:\/\/d-dp.com\/wp-content\/uploads\/2025\/08\/Nouveau-projet-272x182.png)\">\n\t\t\t\t\t\t<\/a>\n\t\t\t\t\t\t\t\t\t<\/div>\n\t\t\t\t\t\t\t\t<h3><a href=\"https:\/\/d-dp.com\/index.php\/2025\/08\/22\/power-bi-transformer-vos-donnees-en-decisions-strategiques\/\">Power BI Transformer Vos Donn\u00e9es en D\u00e9cisions Strat\u00e9giques<\/a><\/h3>\n\t\t\t<\/li>\n\t\t\t\t\t<li class=\"carousel-entry\">\n\t\t\t\t<div class=\"thumbnail\">\n\t\t\t\t\t\t\t\t\t\t\t<a href=\"https:\/\/d-dp.com\/index.php\/2024\/03\/13\/sap-datasphere-les-spaces-cas-dusage\/\" style=\"background-image: url(https:\/\/d-dp.com\/wp-content\/uploads\/2024\/03\/SAP-Datasphere-Les-Espaces-cas-dusage.jpg-272x182.png)\">\n\t\t\t\t\t\t<\/a>\n\t\t\t\t\t\t\t\t\t<\/div>\n\t\t\t\t\t\t\t\t<h3><a href=\"https:\/\/d-dp.com\/index.php\/2024\/03\/13\/sap-datasphere-les-spaces-cas-dusage\/\">SAP Datasphere \u2013 Les Spaces \u2013 Cas d\u2019usage<\/a><\/h3>\n\t\t\t<\/li>\n\t\t\t\t\t<li class=\"carousel-entry\">\n\t\t\t\t<div class=\"thumbnail\">\n\t\t\t\t\t\t\t\t\t\t\t<a href=\"https:\/\/d-dp.com\/index.php\/2024\/03\/13\/organisation-des-spaces-au-sein-de-sap-datasphere\/\" style=\"background-image: url(https:\/\/d-dp.com\/wp-content\/uploads\/2024\/03\/SAP-Datasphere-Organisation-des-Spaces-au-sein-de-SAP-Datasphere-272x182.png)\">\n\t\t\t\t\t\t<\/a>\n\t\t\t\t\t\t\t\t\t<\/div>\n\t\t\t\t\t\t\t\t<h3><a href=\"https:\/\/d-dp.com\/index.php\/2024\/03\/13\/organisation-des-spaces-au-sein-de-sap-datasphere\/\">Organisation des spaces au sein de SAP Datasphere<\/a><\/h3>\n\t\t\t<\/li>\n\t\t\t<\/ul>\n<\/div>\n<\/div><\/div><\/div><\/div>\n\n\n<p><\/p>\n","protected":false},"excerpt":{"rendered":"","protected":false},"author":1,"featured_media":0,"parent":0,"menu_order":0,"comment_status":"closed","ping_status":"closed","template":"","meta":{"footnotes":""},"class_list":["post-154","page","type-page","status-publish","hentry","post"],"_links":{"self":[{"href":"https:\/\/d-dp.com\/index.php\/wp-json\/wp\/v2\/pages\/154","targetHints":{"allow":["GET"]}}],"collection":[{"href":"https:\/\/d-dp.com\/index.php\/wp-json\/wp\/v2\/pages"}],"about":[{"href":"https:\/\/d-dp.com\/index.php\/wp-json\/wp\/v2\/types\/page"}],"author":[{"embeddable":true,"href":"https:\/\/d-dp.com\/index.php\/wp-json\/wp\/v2\/users\/1"}],"replies":[{"embeddable":true,"href":"https:\/\/d-dp.com\/index.php\/wp-json\/wp\/v2\/comments?post=154"}],"version-history":[{"count":81,"href":"https:\/\/d-dp.com\/index.php\/wp-json\/wp\/v2\/pages\/154\/revisions"}],"predecessor-version":[{"id":2908,"href":"https:\/\/d-dp.com\/index.php\/wp-json\/wp\/v2\/pages\/154\/revisions\/2908"}],"wp:attachment":[{"href":"https:\/\/d-dp.com\/index.php\/wp-json\/wp\/v2\/media?parent=154"}],"curies":[{"name":"wp","href":"https:\/\/api.w.org\/{rel}","templated":true}]}}