{"id":1967,"date":"2024-02-29T11:41:10","date_gmt":"2024-02-29T10:41:10","guid":{"rendered":"https:\/\/d-dp.com\/?page_id=1967"},"modified":"2025-10-27T09:42:14","modified_gmt":"2025-10-27T08:42:14","slug":"nosmetiers","status":"publish","type":"page","link":"https:\/\/d-dp.com\/index.php\/nosmetiers\/","title":{"rendered":"Nos M\u00e9tiers"},"content":{"rendered":"<div id=\"pl-1967\"  class=\"panel-layout\" ><div id=\"pg-1967-0\"  class=\"panel-grid panel-has-style\" ><div class=\"siteorigin-panels-stretch panel-row-style panel-row-style-for-1967-0\" data-stretch-type=\"full-width-stretch\" ><div id=\"pgc-1967-0-0\"  class=\"panel-grid-cell\" ><div id=\"panel-1967-0-0-0\" class=\"so-panel widget widget_sow-hero panel-first-child panel-last-child\" data-index=\"0\" ><div class=\"panel-widget-style panel-widget-style-for-1967-0-0-0\" ><div\n\t\t\t\n\t\t\tclass=\"so-widget-sow-hero so-widget-sow-hero-default-bfff874009b6-1967 so-widget-fittext-wrapper\"\n\t\t\t data-fit-text-compressor=\"0.85\"\n\t\t>\t\t\t\t<div class=\"sow-slider-base\" style=\"display: none\" tabindex=\"0\">\n\t\t\t\t\t<ul\n\t\t\t\t\tclass=\"sow-slider-images\"\n\t\t\t\t\tdata-settings=\"{&quot;pagination&quot;:true,&quot;speed&quot;:800,&quot;timeout&quot;:8000,&quot;paused&quot;:false,&quot;pause_on_hover&quot;:false,&quot;swipe&quot;:true,&quot;nav_always_show_desktop&quot;:&quot;&quot;,&quot;nav_always_show_mobile&quot;:&quot;&quot;,&quot;breakpoint&quot;:&quot;780px&quot;,&quot;unmute&quot;:false,&quot;anchor&quot;:null}\"\n\t\t\t\t\tstyle=\"min-height: 455px\"\t\t\t\t\tdata-anchor-id=\"\"\n\t\t\t\t>\t\t<li class=\"sow-slider-image  sow-slider-image-cover\" style=\"visibility: visible;;background-color: #333333\" >\n\t\t\t\t\t<div class=\"sow-slider-image-container\">\n\t\t\t<div class=\"sow-slider-image-wrapper\">\n\t\t\t\t\t\t\t<\/div>\n\t\t<\/div>\n\t\t<div class=\"sow-slider-image-overlay sow-slider-image-cover\" style=\"opacity: 0.6;background-image: url(https:\/\/layouts.siteorigin.com\/wp-content\/uploads\/2015\/11\/write-593333_1920.jpg)\"  ><\/div>\t\t<\/li>\n\t\t<\/ul>\t\t\t\t<ol class=\"sow-slider-pagination\">\n\t\t\t\t\t\t\t\t\t\t\t<li><a href=\"#\" data-goto=\"0\" aria-label=\"Display slide 1\"><\/a><\/li>\n\t\t\t\t\t\t\t\t\t<\/ol>\n\n\t\t\t\t<div class=\"sow-slide-nav sow-slide-nav-next\">\n\t\t\t\t\t<a href=\"#\" data-goto=\"next\" aria-label=\"Next slide\" data-action=\"next\">\n\t\t\t\t\t\t<em class=\"sow-sld-icon-thin-right\"><\/em>\n\t\t\t\t\t<\/a>\n\t\t\t\t<\/div>\n\n\t\t\t\t<div class=\"sow-slide-nav sow-slide-nav-prev\">\n\t\t\t\t\t<a href=\"#\" data-goto=\"previous\" aria-label=\"Previous slide\" data-action=\"prev\">\n\t\t\t\t\t\t<em class=\"sow-sld-icon-thin-left\"><\/em>\n\t\t\t\t\t<\/a>\n\t\t\t\t<\/div>\n\t\t\t\t<\/div><\/div><\/div><\/div><\/div><\/div><\/div><div id=\"pg-1967-1\"  class=\"panel-grid panel-has-style\" ><div class=\"siteorigin-panels-stretch panel-row-style panel-row-style-for-1967-1\" data-stretch-type=\"full\" ><div id=\"pgc-1967-1-0\"  class=\"panel-grid-cell\" ><div id=\"panel-1967-1-0-0\" class=\"so-panel widget widget_sow-headline panel-first-child\" data-index=\"1\" ><div\n\t\t\t\n\t\t\tclass=\"so-widget-sow-headline so-widget-sow-headline-default-3252dbd4b6b5-1967\"\n\t\t\t\n\t\t><div class=\"sow-headline-container \">\n\t\t\t\t\t\t\t<h2 class=\"sow-headline\">\n\t\t\t\t\t\tLes piliers de notre activit\u00e9\t\t\t\t\t\t<\/h2>\n\t\t\t\t\t\t<\/div>\n<\/div><\/div><div id=\"panel-1967-1-0-1\" class=\"so-panel widget widget_sow-editor panel-last-child\" data-index=\"2\" ><div\n\t\t\t\n\t\t\tclass=\"so-widget-sow-editor so-widget-sow-editor-base\"\n\t\t\t\n\t\t>\n<div class=\"siteorigin-widget-tinymce textwidget\">\n\t<div class=\"textwidget\">\n<h5>Par leur nature, nos missions sont le plus souvent composites.<br \/>\nElles s\u2019appuient principalement sur 4 piliers :<\/h5>\n<ul>\n<li>\n<h5><strong>\u00a0L\u2019Int\u00e9gration : <\/strong>participer \u00e0 la d\u00e9finition du besoin, le formaliser et l\u2019expliquer aux \u00e9quipes en charge de la r\u00e9alisation, mettre en \u0153uvre la solution, \u00e9tablir la strat\u00e9gie de recette et livrer la solution en production<\/h5>\n<\/li>\n<li>\n<h5><strong>L\u2019Expertise :<\/strong> conseiller et assister les \u00e9quipes sur des points \u2018chauds\u2019 ; intervenir ponctuellement chez nos clients pour apporter des solutions aux probl\u00e9matiques les plus complexes<\/h5>\n<\/li>\n<li>\n<h5><strong>Le Conseil : <\/strong>aider nos clients \u00e0 d\u00e9finir leurs trajectoires, prioriser leurs objectifs, choisir les solutions \u00e0 mettre en \u0153uvre<\/h5>\n<\/li>\n<li>\n<h5><strong>Le Management : <\/strong>encadrer et diriger les \u00e9quipes, et assurer la relation avec les interlocuteurs clients, accompagner les collaborateurs dans leur parcours professionnel<\/h5>\n<\/li>\n<\/ul>\n<\/div>\n<\/div>\n<\/div><\/div><\/div><div id=\"pgc-1967-1-1\"  class=\"panel-grid-cell\" ><div id=\"panel-1967-1-1-0\" class=\"so-panel widget widget_sow-headline panel-first-child\" data-index=\"3\" ><div\n\t\t\t\n\t\t\tclass=\"so-widget-sow-headline so-widget-sow-headline-default-d8af1c9de966-1967\"\n\t\t\t\n\t\t><div class=\"sow-headline-container \">\n\t\t\t\t\t\t\t<h2 class=\"sow-headline\">\n\t\t\t\t\t\tRejoignez-nous !\t\t\t\t\t\t<\/h2>\n\t\t\t\t\t\t<\/div>\n<\/div><\/div><div id=\"panel-1967-1-1-1\" class=\"so-panel widget widget_sow-editor panel-last-child\" data-index=\"4\" ><div\n\t\t\t\n\t\t\tclass=\"so-widget-sow-editor so-widget-sow-editor-base\"\n\t\t\t\n\t\t>\n<div class=\"siteorigin-widget-tinymce textwidget\">\n\t<h5>Le sens du service, la rigueur, la curiosit\u00e9 et l\u2019engagement (et parfois une bonne dose d\u2019humour) sont des atouts indispensables pour assurer le bon d\u00e9roulement de nos missions en client\u00e8le.<br \/>\nNos consultants ont une app\u00e9tence particuli\u00e8re pour les technologies entourant les solutions SAP, leur curiosit\u00e9 et leur esprit d\u2019initiative sont leurs meilleurs atouts pour faciliter leur mont\u00e9e en comp\u00e9tence sur les produits les plus innovants.<br \/>\nPlusieurs postes sont ouverts, rejoignez-nous pour construire ensemble votre projet professionnel et r\u00e9pondre aux d\u00e9fis de nos clients.<\/h5>\n<ul>\n<li>\n<h5>Une \u00e9quipe d\u2019experts r\u00e9solument orient\u00e9s vers l\u2019innovation<\/h5>\n<\/li>\n<li>\n<h5>Un taille id\u00e9ale pour concilier agilit\u00e9, s\u00e9curit\u00e9 et esprit \u00ab famille \u00bb<\/h5>\n<\/li>\n<li>\n<h5>Une expertise reconnue par les grands du conseil et par les \u00e9diteurs partenaires<\/h5>\n<\/li>\n<li>\n<h5>Un suivi personnalis\u00e9 tout au long de votre carri\u00e8re<\/h5>\n<\/li>\n<\/ul>\n<\/div>\n<\/div><\/div><\/div><\/div><\/div><div id=\"pg-1967-2\"  class=\"panel-grid panel-no-style\" ><div id=\"pgc-1967-2-0\"  class=\"panel-grid-cell\" ><div id=\"panel-1967-2-0-0\" class=\"so-panel widget widget_sow-features panel-first-child panel-last-child\" data-index=\"5\" ><div\n\t\t\t\n\t\t\tclass=\"so-widget-sow-features so-widget-sow-features-default-7a604899755c-1967\"\n\t\t\t\n\t\t><ul\n\tclass=\"sow-features-list\n\tsow-features-responsive\">\n\n\t\t\t<li\n\t\t\tclass=\"sow-features-feature sow-icon-container-position-top\"\n\t\t\tstyle=\"display: flex; flex-direction: column; width: calc(33.333% - 25px);\"\n\t\t>\n\t\t\t\n\t\t\t\t\t\t<div\t\t\t\tclass=\"sow-icon-container sow-container-round\"\n\t\t\t\tstyle=\"color: #ffffff; \"\n\t\t\t\ttitle=\"Consultant SAP BI HANA (H\/F)\"\n\t\t\t\t\t\t\t>\n\t\t\t\t<span class=\"sow-icon-fontawesome sow-far\" data-sow-icon=\"&#xf058;\"\n\t\tstyle=\"font-size: 65px; color: #3280e5\" \n\t\taria-hidden=\"true\"><\/span>\t\t\t<\/div>\n\n\t\t\t<div class=\"textwidget\">\n\t\t\t\t\n\t\t\t\t\n\t\t\t\t\t\t\t\t\t<div class=\"sow-features-feature-text\">\n\t\t\t\t\t<p><a href=\"https:\/\/d-dp.com\/index.php\/carrieres__trashed\/consultant-sap-bw-hana\/\">Consultant SAP BI HANA (H\/F)<\/a><\/p>\n\t\t\t\t\t<\/div>\n\t\t\t\t\t\t\t\t<\/div>\n\t\t\t\t\t\t\t\t<\/li>\n\n\t\t\t<li\n\t\t\tclass=\"sow-features-feature sow-icon-container-position-top\"\n\t\t\tstyle=\"display: flex; flex-direction: column; width: calc(33.333% - 25px);\"\n\t\t>\n\t\t\t\n\t\t\t\t\t\t<div\t\t\t\tclass=\"sow-icon-container sow-container-round\"\n\t\t\t\tstyle=\"color: #ffffff; \"\n\t\t\t\ttitle=\"Consultant SAP (H\/F)\"\n\t\t\t\t\t\t\t>\n\t\t\t\t<span class=\"sow-icon-fontawesome sow-far\" data-sow-icon=\"&#xf2bb;\"\n\t\tstyle=\"font-size: 65px; color: #dd9933\" \n\t\taria-hidden=\"true\"><\/span>\t\t\t<\/div>\n\n\t\t\t<div class=\"textwidget\">\n\t\t\t\t\n\t\t\t\t\n\t\t\t\t\t\t\t\t\t<div class=\"sow-features-feature-text\">\n\t\t\t\t\t<p><a href=\"https:\/\/d-dp.com\/index.php\/carrieres\/consultant-sap\/\">Consultant SAP (H\/F)<\/a><\/p>\n\t\t\t\t\t<\/div>\n\t\t\t\t\t\t\t\t<\/div>\n\t\t\t\t\t\t\t\t<\/li>\n\n\t\t\t<li\n\t\t\tclass=\"sow-features-feature sow-icon-container-position-top\"\n\t\t\tstyle=\"display: flex; flex-direction: column; width: calc(33.333% - 25px);\"\n\t\t>\n\t\t\t\n\t\t\t\t\t\t<div\t\t\t\tclass=\"sow-icon-container sow-container-round\"\n\t\t\t\tstyle=\"color: #ffffff; \"\n\t\t\t\ttitle=\"Manager SAP BI HANA (H\/F)\"\n\t\t\t\t\t\t\t>\n\t\t\t\t<span class=\"sow-icon-fontawesome sow-far\" data-sow-icon=\"&#xf02e;\"\n\t\tstyle=\"font-size: 65px; color: #3280e5\" \n\t\taria-hidden=\"true\"><\/span>\t\t\t<\/div>\n\n\t\t\t<div class=\"textwidget\">\n\t\t\t\t\n\t\t\t\t\n\t\t\t\t\t\t\t\t\t<div class=\"sow-features-feature-text\">\n\t\t\t\t\t<p><a href=\"https:\/\/d-dp.com\/index.php\/carrieres\/consultant-et-chef-de-projet-bi\/\">Manager SAP BI HANA (H\/F)<\/a><\/p>\n\t\t\t\t\t<\/div>\n\t\t\t\t\t\t\t\t<\/div>\n\t\t\t\t\t\t\t\t<\/li>\n\n\t\t\t<li\n\t\t\tclass=\"sow-features-feature sow-icon-container-position-top\"\n\t\t\tstyle=\"display: flex; flex-direction: column; width: calc(33.333% - 25px);\"\n\t\t>\n\t\t\t\n\t\t\t\t\t\t<div\t\t\t\tclass=\"sow-icon-container sow-container-round\"\n\t\t\t\tstyle=\"color: #ffffff; \"\n\t\t\t\ttitle=\"Analyste D\u00e9veloppeur Dot Net (H\/F)\"\n\t\t\t\t\t\t\t>\n\t\t\t\t<span class=\"sow-icon-fontawesome sow-far\" data-sow-icon=\"&#xf15b;\"\n\t\tstyle=\"font-size: 65px; color: #3280e5\" \n\t\taria-hidden=\"true\"><\/span>\t\t\t<\/div>\n\n\t\t\t<div class=\"textwidget\">\n\t\t\t\t\n\t\t\t\t\n\t\t\t\t\t\t\t\t\t<div class=\"sow-features-feature-text\">\n\t\t\t\t\t<p><a href=\"https:\/\/d-dp.com\/index.php\/analyste-developpeur-dot-net-h-f\/\">Analyste D\u00e9veloppeur Dot Net (H\/F)<\/a><\/p>\n\t\t\t\t\t<\/div>\n\t\t\t\t\t\t\t\t<\/div>\n\t\t\t\t\t\t\t\t<\/li>\n\n\t\t\t<li\n\t\t\tclass=\"sow-features-feature sow-icon-container-position-top\"\n\t\t\tstyle=\"display: flex; flex-direction: column; width: calc(33.333% - 25px);\"\n\t\t>\n\t\t\t\n\t\t\t\t\t\t<div\t\t\t\tclass=\"sow-icon-container sow-container-round\"\n\t\t\t\tstyle=\"color: #ffffff; \"\n\t\t\t\ttitle=\"Ing\u00e9nieurs D\u00e9veloppement Full Stack \"\n\t\t\t\t\t\t\t>\n\t\t\t\t<span class=\"sow-icon-fontawesome sow-far\" data-sow-icon=\"&#xf073;\"\n\t\tstyle=\"font-size: 65px; color: #dd9933\" \n\t\taria-hidden=\"true\"><\/span>\t\t\t<\/div>\n\n\t\t\t<div class=\"textwidget\">\n\t\t\t\t\n\t\t\t\t\n\t\t\t\t\t\t\t\t\t<div class=\"sow-features-feature-text\">\n\t\t\t\t\t<p><a href=\"https:\/\/d-dp.com\/index.php\/carrieres\/ingenieurs-developpement-full-stack\/\">Ing\u00e9nieurs D\u00e9veloppement Full Stack (H\/F)<\/a><\/p>\n\t\t\t\t\t<\/div>\n\t\t\t\t\t\t\t\t<\/div>\n\t\t\t\t\t\t\t\t<\/li>\n\n\t<\/ul>\n<\/div><\/div><\/div><\/div><\/div>","protected":false},"excerpt":{"rendered":"<p>Par leur nature, nos missions sont le plus souvent composites. Elles s\u2019appuient principalement sur 4 piliers : \u00a0L\u2019Int\u00e9gration : participer \u00e0 la d\u00e9finition du besoin, le formaliser et l\u2019expliquer aux \u00e9quipes en charge de la r\u00e9alisation, mettre en \u0153uvre la solution, \u00e9tablir la strat\u00e9gie de recette et livrer la solution en production L\u2019Expertise : conseiller [&hellip;]<\/p>\n","protected":false},"author":2,"featured_media":0,"parent":0,"menu_order":0,"comment_status":"closed","ping_status":"closed","template":"templates\/template-full.php","meta":{"footnotes":""},"class_list":["post-1967","page","type-page","status-publish","hentry","post"],"_links":{"self":[{"href":"https:\/\/d-dp.com\/index.php\/wp-json\/wp\/v2\/pages\/1967","targetHints":{"allow":["GET"]}}],"collection":[{"href":"https:\/\/d-dp.com\/index.php\/wp-json\/wp\/v2\/pages"}],"about":[{"href":"https:\/\/d-dp.com\/index.php\/wp-json\/wp\/v2\/types\/page"}],"author":[{"embeddable":true,"href":"https:\/\/d-dp.com\/index.php\/wp-json\/wp\/v2\/users\/2"}],"replies":[{"embeddable":true,"href":"https:\/\/d-dp.com\/index.php\/wp-json\/wp\/v2\/comments?post=1967"}],"version-history":[{"count":32,"href":"https:\/\/d-dp.com\/index.php\/wp-json\/wp\/v2\/pages\/1967\/revisions"}],"predecessor-version":[{"id":2003,"href":"https:\/\/d-dp.com\/index.php\/wp-json\/wp\/v2\/pages\/1967\/revisions\/2003"}],"wp:attachment":[{"href":"https:\/\/d-dp.com\/index.php\/wp-json\/wp\/v2\/media?parent=1967"}],"curies":[{"name":"wp","href":"https:\/\/api.w.org\/{rel}","templated":true}]}}