{"id":2534,"date":"2025-05-28T11:05:55","date_gmt":"2025-05-28T09:05:55","guid":{"rendered":"https:\/\/d-dp.com\/?page_id=2534"},"modified":"2025-05-28T11:07:21","modified_gmt":"2025-05-28T09:07:21","slug":"condition-dutilisation","status":"publish","type":"page","link":"https:\/\/d-dp.com\/index.php\/condition-dutilisation\/","title":{"rendered":"Conditions d&rsquo;utilisation"},"content":{"rendered":"\n<p>En acc\u00e9dant et en naviguant sur le site web de <strong>Digital Data Performance<\/strong> ou en utilisant et\/ou t\u00e9l\u00e9chargeant tout contenu provenant de celui-ci, vous acceptez et reconnaissez les Conditions d&rsquo;utilisation \u00e9nonc\u00e9es ci-dessous.<\/p>\n\n\n\n<p>L\u2019objectif de ce site est de fournir des informations sur <strong>Digital Data Performance<\/strong>, sa structure et ses services .<\/p>\n\n\n\n<p>Malgr\u00e9 ses efforts pour fournir un contenu fiable via ce site, le Groupe <strong>Digital Data Performance<\/strong> (\u00ab la Soci\u00e9t\u00e9 \u00bb) ne peut garantir l\u2019exactitude, la pr\u00e9cision, l\u2019actualit\u00e9 ou l\u2019exhaustivit\u00e9 des informations publi\u00e9es sur le site.<\/p>\n\n\n\n<p>Les liens vers des sites web tiers sont fournis uniquement pour des raisons de commodit\u00e9 et n\u2019impliquent aucune approbation ou validation de ces sites par la Soci\u00e9t\u00e9.<\/p>\n\n\n\n<p>Ce site web est prot\u00e9g\u00e9 par des droits de propri\u00e9t\u00e9 intellectuelle et est la propri\u00e9t\u00e9 exclusive de la Soci\u00e9t\u00e9.<\/p>\n\n\n\n<p>Tout litige ou toute r\u00e9clamation relatif(ve) aux Conditions d&rsquo;utilisation sera r\u00e9gi(e) par le droit fran\u00e7ais. Toute action en justice devra \u00eatre engag\u00e9e en France.<\/p>\n\n\n\n<p><\/p>\n","protected":false},"excerpt":{"rendered":"<p>En acc\u00e9dant et en naviguant sur le site web de Digital Data Performance ou en utilisant et\/ou t\u00e9l\u00e9chargeant tout contenu provenant de celui-ci, vous acceptez et reconnaissez les Conditions d&rsquo;utilisation \u00e9nonc\u00e9es ci-dessous. L\u2019objectif de ce site est de fournir des informations sur Digital Data Performance, sa structure et ses services . Malgr\u00e9 ses efforts pour [&hellip;]<\/p>\n","protected":false},"author":2,"featured_media":0,"parent":0,"menu_order":0,"comment_status":"closed","ping_status":"closed","template":"","meta":{"footnotes":""},"class_list":["post-2534","page","type-page","status-publish","hentry","post"],"_links":{"self":[{"href":"https:\/\/d-dp.com\/index.php\/wp-json\/wp\/v2\/pages\/2534","targetHints":{"allow":["GET"]}}],"collection":[{"href":"https:\/\/d-dp.com\/index.php\/wp-json\/wp\/v2\/pages"}],"about":[{"href":"https:\/\/d-dp.com\/index.php\/wp-json\/wp\/v2\/types\/page"}],"author":[{"embeddable":true,"href":"https:\/\/d-dp.com\/index.php\/wp-json\/wp\/v2\/users\/2"}],"replies":[{"embeddable":true,"href":"https:\/\/d-dp.com\/index.php\/wp-json\/wp\/v2\/comments?post=2534"}],"version-history":[{"count":3,"href":"https:\/\/d-dp.com\/index.php\/wp-json\/wp\/v2\/pages\/2534\/revisions"}],"predecessor-version":[{"id":2540,"href":"https:\/\/d-dp.com\/index.php\/wp-json\/wp\/v2\/pages\/2534\/revisions\/2540"}],"wp:attachment":[{"href":"https:\/\/d-dp.com\/index.php\/wp-json\/wp\/v2\/media?parent=2534"}],"curies":[{"name":"wp","href":"https:\/\/api.w.org\/{rel}","templated":true}]}}