{"id":779,"date":"2019-07-08T16:44:58","date_gmt":"2019-07-08T14:44:58","guid":{"rendered":"http:\/\/d-dp.com\/?page_id=779"},"modified":"2024-05-28T11:12:44","modified_gmt":"2024-05-28T09:12:44","slug":"consultant-et-chef-de-projet-bi","status":"publish","type":"page","link":"https:\/\/d-dp.com\/index.php\/consultant-et-chef-de-projet-bi\/","title":{"rendered":"Manager SAP BI HANA (H\/F)"},"content":{"rendered":"\n<div class=\"wp-block-buttons is-layout-flex wp-block-buttons-is-layout-flex\">\n<div class=\"wp-block-button is-style-outline is-style-outline--1\"><a class=\"wp-block-button__link wp-element-button\" href=\"https:\/\/d-dp.com\/index.php\/nosmetiers\/\">\u2190Revenir \u00e0 Nos M\u00e9tier<\/a><\/div>\n<\/div>\n\n\n\n<h3 class=\"wp-block-heading\">Descriptif du poste<\/h3>\n\n\n\n<div style=\"height:14px\" aria-hidden=\"true\" class=\"wp-block-spacer\"><\/div>\n\n\n\n<p>En temps que Manager, votre r\u00f4le sera de<\/p>\n\n\n\n<ul class=\"wp-block-list\">\n<li>Piloter et apporter votre savoir-faire dans la r\u00e9alisation de missions aupr\u00e8s de nos clients<\/li>\n\n\n\n<li>Encadrer op\u00e9rationnellement les consultants<\/li>\n\n\n\n<li>Diffuser la culture Data au sein de nos \u00e9quipes<\/li>\n\n\n\n<li>\u00catre r\u00e9f\u00e9rent sur les technologies et les m\u00e9thodologie dans la diffusion de nos offres<\/li>\n\n\n\n<li>Contribuer aux r\u00e9ponses \u00e0 appel d&rsquo;offre et participer aux avant-ventes<\/li>\n\n\n\n<li>Accompagner la soci\u00e9t\u00e9 dans le d\u00e9veloppement de son activit\u00e9<\/li>\n<\/ul>\n\n\n\n<div style=\"height:20px\" aria-hidden=\"true\" class=\"wp-block-spacer\"><\/div>\n\n\n\n<h3 class=\"wp-block-heading\">Description du profil<\/h3>\n\n\n\n<div style=\"height:14px\" aria-hidden=\"true\" class=\"wp-block-spacer\"><\/div>\n\n\n\n<p>Vous justifiez d&rsquo;une exp\u00e9rience minimum de 8 ans, avec une premi\u00e8re exp\u00e9rience manag\u00e9riale et\/ou de gestion de projet.<\/p>\n\n\n\n<ul class=\"wp-block-list\">\n<li>Vous revendiquez une expertise sur les technologies SAP BW et vous souhaitez la compl\u00e9ter avec SAP HANA<\/li>\n\n\n\n<li>Vous avez une forte exp\u00e9rience du monde SAP (ECC et ABAP) et vous souhaitez valoriser vos exp\u00e9riences sur des projets d\u00e9cisionnels<\/li>\n\n\n\n<li>Vous \u00eates sp\u00e9cialiste SAP HANA<\/li>\n\n\n\n<li>Vous avez une premi\u00e8re exp\u00e9rience r\u00e9ussie sur un projet SAP BW\/4HANA<\/li>\n\n\n\n<li>Vous \u00eates d\u00e9j\u00e0 expert BW\/4HANA et vous souhaitez donner une dimension manag\u00e9riale \u00e0 votre carri\u00e8re, ou simplement vous \u00e9panouir dans votre discipline.<\/li>\n\n\n\n<li>La BI n a plus de secret pour vous (maitrise des outils ETL, des bases de donn\u00e9es et outils de reporting) et vous avez une premi\u00e8re exp\u00e9rience sur des outils SAP<\/li>\n\n\n\n<li>Vous souhaitez vous investir sur SAP DWC (parce que le cloud, le cloud, le cloud&nbsp;!)<\/li>\n<\/ul>\n\n\n\n<p>Dans tous les cas vous savez faire preuve d&rsquo;autonomie, vous avez une r\u00e9elle volont\u00e9 d&rsquo;\u00e9voluer, la prise d&rsquo;initiative ne vous effraie pas.<\/p>\n\n\n\n<p>Les postes \u00e0 pourvoir sont localis\u00e9s en r\u00e9gion parisienne et des d\u00e9placements pourront \u00eatre \u00e0 effectuer en fonction des missions.<\/p>\n\n\n\n<p>Niveau de formation Bac+5 ou \u00e9quivalent (Grandes \u00c9coles, MIAGE ), une bonne capacit\u00e9 r\u00e9dactionnelle est indispensable, Anglais professionnel requis.<\/p>\n\n\n\n<div style=\"height:20px\" aria-hidden=\"true\" class=\"wp-block-spacer\"><\/div>\n\n\n\n<h3 class=\"wp-block-heading\"><strong>Postuler<\/strong><\/h3>\n\n\n\n<div style=\"height:14px\" aria-hidden=\"true\" class=\"wp-block-spacer\"><\/div>\n\n\n\n<p>Pour postuler, merci de nous contacter, cv \u00e0 l&rsquo;appui, \u00e0 l&rsquo;adresse mail <a href=\"mailto:recrute@d-dp.com\">recrute@d-dp.com<\/a>.<\/p>\n","protected":false},"excerpt":{"rendered":"<p>Descriptif du poste En temps que Manager, votre r\u00f4le sera de Description du profil Vous justifiez d&rsquo;une exp\u00e9rience minimum de 8 ans, avec une premi\u00e8re exp\u00e9rience manag\u00e9riale et\/ou de gestion de projet. Dans tous les cas vous savez faire preuve d&rsquo;autonomie, vous avez une r\u00e9elle volont\u00e9 d&rsquo;\u00e9voluer, la prise d&rsquo;initiative ne vous effraie pas. Les [&hellip;]<\/p>\n","protected":false},"author":1,"featured_media":0,"parent":0,"menu_order":0,"comment_status":"closed","ping_status":"closed","template":"","meta":{"footnotes":""},"class_list":["post-779","page","type-page","status-publish","hentry","post"],"_links":{"self":[{"href":"https:\/\/d-dp.com\/index.php\/wp-json\/wp\/v2\/pages\/779","targetHints":{"allow":["GET"]}}],"collection":[{"href":"https:\/\/d-dp.com\/index.php\/wp-json\/wp\/v2\/pages"}],"about":[{"href":"https:\/\/d-dp.com\/index.php\/wp-json\/wp\/v2\/types\/page"}],"author":[{"embeddable":true,"href":"https:\/\/d-dp.com\/index.php\/wp-json\/wp\/v2\/users\/1"}],"replies":[{"embeddable":true,"href":"https:\/\/d-dp.com\/index.php\/wp-json\/wp\/v2\/comments?post=779"}],"version-history":[{"count":15,"href":"https:\/\/d-dp.com\/index.php\/wp-json\/wp\/v2\/pages\/779\/revisions"}],"predecessor-version":[{"id":2501,"href":"https:\/\/d-dp.com\/index.php\/wp-json\/wp\/v2\/pages\/779\/revisions\/2501"}],"wp:attachment":[{"href":"https:\/\/d-dp.com\/index.php\/wp-json\/wp\/v2\/media?parent=779"}],"curies":[{"name":"wp","href":"https:\/\/api.w.org\/{rel}","templated":true}]}}