{"id":875,"date":"2019-07-09T12:25:59","date_gmt":"2019-07-09T10:25:59","guid":{"rendered":"http:\/\/d-dp.com\/?page_id=875"},"modified":"2024-05-28T11:11:37","modified_gmt":"2024-05-28T09:11:37","slug":"consultant-sap-bw-hana","status":"publish","type":"page","link":"https:\/\/d-dp.com\/index.php\/consultant-sap-bw-hana\/","title":{"rendered":"Consultant SAP BI HANA (H\/F)"},"content":{"rendered":"\n<div class=\"wp-block-buttons is-layout-flex wp-block-buttons-is-layout-flex\">\n<div class=\"wp-block-button is-style-outline is-style-outline--1\"><a class=\"wp-block-button__link wp-element-button\" href=\"https:\/\/d-dp.com\/index.php\/nosmetiers\/\">\u2190 Revenir \u00e0 Nos M\u00e9tiers<\/a><\/div>\n<\/div>\n\n\n\n<h3 class=\"wp-block-heading\">Descriptif du poste<\/h3>\n\n\n\n<div style=\"height:14px\" aria-hidden=\"true\" class=\"wp-block-spacer\"><\/div>\n\n\n\n<p>DIGITAL DATA PERFORMANCE (DDP) poursuit sa croissance en renfor\u00e7ant ses \u00e9quipes de consultants d\u00e9cisionnels sp\u00e9cialis\u00e9s sur les technologies SAP BI et cherche un consultant Junior ayant eu une 1\u00e8re exp\u00e9rience (alternance comprise).<\/p>\n\n\n\n<p>Vos missions seront:<\/p>\n\n\n\n<ul class=\"wp-block-list\">\n<li>La mise en \u0153uvre et le d\u00e9veloppement<\/li>\n\n\n\n<li>La formation des utilisateurs<\/li>\n\n\n\n<li>L&rsquo;assistance des key users \u00e0 la recette<\/li>\n<\/ul>\n\n\n\n<p>Vous intervenez chez nos clients dans des environnements technologiques SAP BW\/4 HANA, SAP DWC, SAP Analytics Cloud, SAP S\/4 HANA.<\/p>\n\n\n\n<div style=\"height:20px\" aria-hidden=\"true\" class=\"wp-block-spacer\"><\/div>\n\n\n\n<h3 class=\"wp-block-heading\">Description du profil<\/h3>\n\n\n\n<div style=\"height:14px\" aria-hidden=\"true\" class=\"wp-block-spacer\"><\/div>\n\n\n\n<p>Consultant junior,<\/p>\n\n\n\n<ul class=\"wp-block-list\">\n<li>Vous revendiquez une premi\u00e8re exp\u00e9rience sur les technologies SAP BW, HANA et BW\/4HANA<\/li>\n\n\n\n<li>Vous avez une premi\u00e8re exp\u00e9rience du monde SAP (ECC et ABAP) et souhaitez valoriser vos exp\u00e9riences sur des projets d\u00e9cisionnels<\/li>\n\n\n\n<li>Vous avez une premi\u00e8re exp\u00e9rience des projets BI et souhaitez d\u00e9velopper vos comp\u00e9tences sur les technologies SAP<\/li>\n<\/ul>\n\n\n\n<p>Dans tous les cas vous savez faire preuve d autonomie, vous avez une r\u00e9elle volont\u00e9 d \u00e9voluer, la prise d initiative ne vous effraie pas et la curiosit\u00e9 est votre moins vilain d\u00e9faut.<\/p>\n\n\n\n<p>Les postes \u00e0 pourvoir sont localis\u00e9s en r\u00e9gion parisienne et des d\u00e9placements pourront \u00eatre \u00e0 effectuer en fonction des missions.<\/p>\n\n\n\n<p>Niveau de formation Bac+5 ou \u00e9quivalent (Ecole d ing\u00e9nieur, MIAGE ), Fran\u00e7ais indispensable (une bonne capacit\u00e9 r\u00e9dactionnelle est un plus), Anglais professionnel requis.<\/p>\n\n\n\n<div style=\"height:20px\" aria-hidden=\"true\" class=\"wp-block-spacer\"><\/div>\n\n\n\n<h3 class=\"wp-block-heading\">Postuler<\/h3>\n\n\n\n<div style=\"height:14px\" aria-hidden=\"true\" class=\"wp-block-spacer\"><\/div>\n\n\n\n<p>Pour postuler, merci de nous contacter, cv \u00e0 l&rsquo;appui, \u00e0 l&rsquo;adresse mail <a href=\"mailto:recrute@d-dp.com\">recrute@d-dp.com<\/a><\/p>\n\n\n\n<p><\/p>\n","protected":false},"excerpt":{"rendered":"<p>Descriptif du poste DIGITAL DATA PERFORMANCE (DDP) poursuit sa croissance en renfor\u00e7ant ses \u00e9quipes de consultants d\u00e9cisionnels sp\u00e9cialis\u00e9s sur les technologies SAP BI et cherche un consultant Junior ayant eu une 1\u00e8re exp\u00e9rience (alternance comprise). Vos missions seront: Vous intervenez chez nos clients dans des environnements technologiques SAP BW\/4 HANA, SAP DWC, SAP Analytics Cloud, [&hellip;]<\/p>\n","protected":false},"author":1,"featured_media":957,"parent":0,"menu_order":0,"comment_status":"closed","ping_status":"closed","template":"","meta":{"footnotes":""},"class_list":["post-875","page","type-page","status-publish","has-post-thumbnail","hentry","post","post-with-thumbnail","post-with-thumbnail-large"],"_links":{"self":[{"href":"https:\/\/d-dp.com\/index.php\/wp-json\/wp\/v2\/pages\/875","targetHints":{"allow":["GET"]}}],"collection":[{"href":"https:\/\/d-dp.com\/index.php\/wp-json\/wp\/v2\/pages"}],"about":[{"href":"https:\/\/d-dp.com\/index.php\/wp-json\/wp\/v2\/types\/page"}],"author":[{"embeddable":true,"href":"https:\/\/d-dp.com\/index.php\/wp-json\/wp\/v2\/users\/1"}],"replies":[{"embeddable":true,"href":"https:\/\/d-dp.com\/index.php\/wp-json\/wp\/v2\/comments?post=875"}],"version-history":[{"count":22,"href":"https:\/\/d-dp.com\/index.php\/wp-json\/wp\/v2\/pages\/875\/revisions"}],"predecessor-version":[{"id":2498,"href":"https:\/\/d-dp.com\/index.php\/wp-json\/wp\/v2\/pages\/875\/revisions\/2498"}],"wp:featuredmedia":[{"embeddable":true,"href":"https:\/\/d-dp.com\/index.php\/wp-json\/wp\/v2\/media\/957"}],"wp:attachment":[{"href":"https:\/\/d-dp.com\/index.php\/wp-json\/wp\/v2\/media?parent=875"}],"curies":[{"name":"wp","href":"https:\/\/api.w.org\/{rel}","templated":true}]}}