{"id":880,"date":"2019-07-09T13:09:53","date_gmt":"2019-07-09T11:09:53","guid":{"rendered":"http:\/\/d-dp.com\/?page_id=880"},"modified":"2024-02-23T10:00:01","modified_gmt":"2024-02-23T09:00:01","slug":"consultant-talend","status":"publish","type":"page","link":"https:\/\/d-dp.com\/index.php\/consultant-talend\/","title":{"rendered":"Consultant Talend"},"content":{"rendered":"\n<figure class=\"wp-block-image\"><img loading=\"lazy\" decoding=\"async\" width=\"293\" height=\"300\" src=\"http:\/\/d-dp.com\/wp-content\/uploads\/2018\/06\/gallery10.jpg\" alt=\"\" class=\"wp-image-148\"\/><\/figure>\n\n\n\n<p>Digital Data Performance recherche des consultants experts Talend\npour participer au d\u00e9veloppement de son activit\u00e9 pour&nbsp;:<\/p>\n\n\n\n<ul class=\"wp-block-list\"><li>Intervenir sur des missions d\u2019expertise,<\/li><li>Apporter le support aux collaborateurs en mission ou projet,<\/li><li>Concevoir et alimenter les plateformes internes Talend.<\/li><\/ul>\n\n\n\n<p>Comp\u00e9tences :<\/p>\n\n\n\n<ul class=\"wp-block-list\"><li>Comprendre et s\u2019int\u00e9resser \u00e0 la donn\u00e9e, bonne connaissance du mode de la BI<\/li><li>Ma\u00eetriser de SQL<\/li><li>Conna\u00eetre le langage Java<\/li><\/ul>\n\n\n\n<p>Au quotidien, ils accompagnent des clients de tous secteurs\nd\u2019activit\u00e9 dans la d\u00e9finition, le suivi des indicateurs et le pilotage de leurs\nactivit\u00e9s strat\u00e9giques &amp; op\u00e9rationnelles.<\/p>\n\n\n\n<p>Vous ma\u00eetrisez au moins un des outils suivants de la suite&nbsp;Talend&nbsp;:<\/p>\n\n\n\n<ul class=\"wp-block-list\"><li>Talend&nbsp;Data Integration<\/li><li>Talend&nbsp;Data Quality<\/li><li>Talend&nbsp;Big Data,<\/li><li>Talend&nbsp;Master Data Management.<\/li><li>Talend&nbsp;ESB<\/li><\/ul>\n\n\n\n<p>Vous avez travaill\u00e9\nsur une ou plusieurs de ces probl\u00e9matiques :<\/p>\n\n\n\n<ul class=\"wp-block-list\"><li>Mod\u00e9lisation,<\/li><li>Qualification\n     de la donn\u00e9e, mise en place de flux d\u2019alimentations \u00e0 forte volum\u00e9trie<\/li><li>Optimisation\n     des performances,<\/li><li>Conception\n     et mise en place d\u2019environnements d\u00e9cisionnels de type, Datawarehouse,\n     Datamart\u2026<\/li><\/ul>\n\n\n\n<p>La maitrise des grands\nenvironnements technologiques Big Data (Hadoop par exemple) ou Cloud (AWS, GCP,\n\u2026) serait un plus.<\/p>\n\n\n\n<p>&nbsp;Dipl\u00f4me : BAC\n+ 5 minimum<\/p>\n\n\n\n<p>Autonome, impliqu\u00e9 et dot\u00e9 d\u2019un bon relationnel, vous avez\nle go\u00fbt du challenge.<\/p>\n\n\n\n<p>Enfin, vous souhaitez rejoindre une entit\u00e9 dynamique dans\nlaquelle les collaborateurs portent l\u2019esprit d\u2019\u00e9quipe et travaillent sur des\nprojets innovants.<\/p>\n\n\n\n<h3 class=\"wp-block-heading\"><strong>Postuler<\/strong><\/h3>\n\n\n<p>[everest_form id=\u00a0\u00bb380&Prime;]<\/p>\n","protected":false},"excerpt":{"rendered":"<p>Digital Data Performance recherche des consultants experts Talend pour participer au d\u00e9veloppement de son activit\u00e9 pour&nbsp;: Intervenir sur des missions d\u2019expertise, Apporter le support aux collaborateurs en mission ou projet, Concevoir et alimenter les plateformes internes Talend. Comp\u00e9tences : Comprendre et s\u2019int\u00e9resser \u00e0 la donn\u00e9e, bonne connaissance du mode de la BI Ma\u00eetriser de SQL [&hellip;]<\/p>\n","protected":false},"author":1,"featured_media":943,"parent":0,"menu_order":0,"comment_status":"closed","ping_status":"closed","template":"","meta":{"footnotes":""},"class_list":["post-880","page","type-page","status-publish","has-post-thumbnail","hentry","post","post-with-thumbnail","post-with-thumbnail-large"],"_links":{"self":[{"href":"https:\/\/d-dp.com\/index.php\/wp-json\/wp\/v2\/pages\/880","targetHints":{"allow":["GET"]}}],"collection":[{"href":"https:\/\/d-dp.com\/index.php\/wp-json\/wp\/v2\/pages"}],"about":[{"href":"https:\/\/d-dp.com\/index.php\/wp-json\/wp\/v2\/types\/page"}],"author":[{"embeddable":true,"href":"https:\/\/d-dp.com\/index.php\/wp-json\/wp\/v2\/users\/1"}],"replies":[{"embeddable":true,"href":"https:\/\/d-dp.com\/index.php\/wp-json\/wp\/v2\/comments?post=880"}],"version-history":[{"count":4,"href":"https:\/\/d-dp.com\/index.php\/wp-json\/wp\/v2\/pages\/880\/revisions"}],"predecessor-version":[{"id":911,"href":"https:\/\/d-dp.com\/index.php\/wp-json\/wp\/v2\/pages\/880\/revisions\/911"}],"wp:featuredmedia":[{"embeddable":true,"href":"https:\/\/d-dp.com\/index.php\/wp-json\/wp\/v2\/media\/943"}],"wp:attachment":[{"href":"https:\/\/d-dp.com\/index.php\/wp-json\/wp\/v2\/media?parent=880"}],"curies":[{"name":"wp","href":"https:\/\/api.w.org\/{rel}","templated":true}]}}